{"id":107,"date":"2014-07-10T10:15:42","date_gmt":"2014-07-10T10:15:42","guid":{"rendered":"http:\/\/mtfinans.com\/tr\/?page_id=107"},"modified":"2014-07-10T10:15:42","modified_gmt":"2014-07-10T10:15:42","slug":"konut-kredileri","status":"publish","type":"page","link":"http:\/\/mtfinans.com\/tr\/konut-kredileri\/","title":{"rendered":"Konut Kredileri"},"content":{"rendered":"<p><strong>Mortgage Nedir?<\/strong><br \/>\nMortgage, \u0130potekli Konut Kredisi ya da Tutulu Sat\u0131\u015f Kredisi olarak da bilinir. Mortgage ta\u015f\u0131nmaz mal\u0131n ipotek al\u0131nmas\u0131 \u015fart\u0131yla verilen bir t\u00fcketici kredisidir. \u00d6deme tamamland\u0131\u011f\u0131nda, ipotek durumu ortadan kalkar. Mortgage kredisinin vadesi 1 ile 20 y\u0131l aras\u0131nda de\u011fi\u015fmektedir. Mortgage kredisinin ba\u015fl\u0131ca t\u00fcrleri \u015funlard\u0131r.<\/p>\n<p>\u2022 Ev (Konut) Kredisi. Ev (mesken) almak i\u00e7in i\u00e7in kullan\u0131l\u0131r.<br \/>\n\u2022 Ofis \/ \u0130\u015fyeri Kredisi. Ofis, i\u015fyeri, imalathane sat\u0131n almak i\u00e7in kullan\u0131l\u0131r.<br \/>\n\u2022 Arsa Kredisi Arsa ve bah\u00e7e finansman\u0131n\u0131 i\u00e7in kullan\u0131l\u0131r.<br \/>\n\u2022 Konut Geli\u015ftirme Kredisi. Konutlar\u0131n yenileme, dekorasyon, tadilat ihtiya\u00e7lar\u0131 i\u00e7in kullan\u0131l\u0131r.<br \/>\n\u2022 \u0130n\u015faat Kredisi. Kaba in\u015faat\u0131 bitmi\u015f yap\u0131lar\u0131n finansman\u0131n\u0131 desteklemek \u00fczere kulland\u0131r\u0131lan bir bireysel kredi t\u00fcr\u00fcd\u00fcr.<br \/>\n\u2022 Refinansman Kredisi. Konut Kredisi Bor\u00e7 Transferi ve Yeniden Yap\u0131land\u0131rma Kredisi olarak da bilinir. Mevcut konut kredisi borcunun daha uygun faiz ve vade ko\u015fullar\u0131 ile de\u011fi\u015ftirilmesini sa\u011flamak \u00fczere alternatif olarak sunulan kredi t\u00fcr\u00fcd\u00fcr.<\/p>\n<p>\u0130potek kredi geri \u00f6denene dek, bankalar\u0131n ta\u015f\u0131nmaz mala el koyabilme yetkisini ellerinde tutmas\u0131 demektir. Bu nedenle geri \u00f6deme zorlu\u011fu oldu\u011funda kar\u015f\u0131la\u015f\u0131labilecek riskleri iyi tartmak gerekir.<\/p>\n<p>\u00bb F\u0130NANSAL ULUSAL VE ULUSLARARASI B\u0130LG\u0130 SA\u011eLAMAK<br \/>\n\u00bb MENKUL VE GAYR\u0130MENKULLER HAKKINDA ET\u00dcT, ARA\u015eTIRMA VE RAPOR HAZIRLAMAK<\/p>\n","protected":false},"excerpt":{"rendered":"<p>Mortgage Nedir? Mortgage, \u0130potekli Konut Kredisi ya da Tutulu Sat\u0131\u015f Kredisi olarak da bilinir. Mortgage ta\u015f\u0131nmaz mal\u0131n ipotek al\u0131nmas\u0131 \u015fart\u0131yla verilen bir t\u00fcketici kredisidir. \u00d6deme tamamland\u0131\u011f\u0131nda, ipotek durumu ortadan kalkar. Mortgage kredisinin vadesi 1 ile 20 y\u0131l aras\u0131nda de\u011fi\u015fmektedir. Mortgage<\/p>\n","protected":false},"author":1,"featured_media":0,"parent":0,"menu_order":0,"comment_status":"closed","ping_status":"closed","template":"","meta":{"footnotes":""},"class_list":["post-107","page","type-page","status-publish","hentry"],"_links":{"self":[{"href":"http:\/\/mtfinans.com\/tr\/wp-json\/wp\/v2\/pages\/107","targetHints":{"allow":["GET"]}}],"collection":[{"href":"http:\/\/mtfinans.com\/tr\/wp-json\/wp\/v2\/pages"}],"about":[{"href":"http:\/\/mtfinans.com\/tr\/wp-json\/wp\/v2\/types\/page"}],"author":[{"embeddable":true,"href":"http:\/\/mtfinans.com\/tr\/wp-json\/wp\/v2\/users\/1"}],"replies":[{"embeddable":true,"href":"http:\/\/mtfinans.com\/tr\/wp-json\/wp\/v2\/comments?post=107"}],"version-history":[{"count":1,"href":"http:\/\/mtfinans.com\/tr\/wp-json\/wp\/v2\/pages\/107\/revisions"}],"predecessor-version":[{"id":108,"href":"http:\/\/mtfinans.com\/tr\/wp-json\/wp\/v2\/pages\/107\/revisions\/108"}],"wp:attachment":[{"href":"http:\/\/mtfinans.com\/tr\/wp-json\/wp\/v2\/media?parent=107"}],"curies":[{"name":"wp","href":"https:\/\/api.w.org\/{rel}","templated":true}]}}