{"id":82,"date":"2014-07-09T09:13:48","date_gmt":"2014-07-09T09:13:48","guid":{"rendered":"http:\/\/mtfinans.com\/tr\/?page_id=82"},"modified":"2015-05-01T19:37:40","modified_gmt":"2015-05-01T19:37:40","slug":"gerekli-belgeler","status":"publish","type":"page","link":"http:\/\/mtfinans.com\/tr\/gerekli-belgeler\/","title":{"rendered":"Gerekli Belgeler"},"content":{"rendered":"<p>\u0130KRAZAT \u0130\u015eLEM\u0130 YAPILMASI \u0130\u00c7\u0130N GEREKL\u0130 EVRAKLAR<\/p>\n<p><strong>\u015e\u0130RKETLER \u0130\u00c7\u0130N<\/strong><br \/>\n\u2022 \u015e\u0130RKET VERG\u0130 LEVHASI<br \/>\n\u2022 \u0130MZA S\u0130RK\u00dcLER\u0130<br \/>\n\u2022 T\u0130C.S\u0130C\u0130L GAZETES\u0130<br \/>\n\u2022 FAAL\u0130YET BELGES\u0130 VEYA SON AYA A\u0130T KDV TAHAKKUKU.<br \/>\n\u2022 \u0130\u015eLEM\u0130 \u015e\u0130RKET \u0130MZA YETK\u0130L\u0130S\u0130 YAPACA\u011eINDAN \u0130MZA YETK\u0130L\u0130S\u0130N\u0130N K\u0130ML\u0130K ASLI<br \/>\n\u2022 VEKALETEN \u015e\u0130RKET ADINA S\u00d6ZLE\u015eME YAPILACAKSA(VEKALETTE \u0130KRAZAT \u0130\u015eLEM\u0130 YAPMAYA VEYA VEKALET VEREN\u0130 BOR\u00c7LANDIRMA YETK\u0130S\u0130 BULUNMASI GEREK\u0130R)<\/p>\n<p>BANKA KRED\u0130LER\u0130 \u0130\u00c7\u0130N GEREKL\u0130 BELGELER<\/p>\n<p>\u0130lk Ba\u015fvuru \u0130\u00e7in Gerekli Belgeler<br \/>\n<strong>1-) T\u00dcZEL K\u0130\u015e\u0130LER<\/strong><\/p>\n<p><strong>A- Anonim \u015eirketler<\/strong><br \/>\n1. \u0130mza Sirk\u00fcleri<br \/>\n2. \u0130mza sirk\u00fclerinin dayana\u011f\u0131 olan ticaret sicil gazetesi<br \/>\n3. Son vergi levhas\u0131<br \/>\n4. Kurulu\u015f gazetesi<br \/>\n5. Son hazirun cetveli<br \/>\n6. \u0130mza yetkililerinin ve kefalet imzas\u0131 al\u0131nan ki\u015filerin n\u00fcfus c\u00fczdan\u0131 fotokopileri<br \/>\n7. \u0130mza sirk\u00fcleri olmay\u0131p kefalet imzas\u0131 al\u0131nan ki\u015filerin imza beyannameleri<br \/>\n8. Kefalet imzas\u0131 al\u0131nan ki\u015filerin kimlik ve vergi numaralar\u0131<br \/>\n9. Kefalet imzas\u0131 al\u0131nan grup \u015firketi varsa; imza sirk\u00fcleri ve dayanak gazetesi<br \/>\n10. Son \u00fc\u00e7 y\u0131l\u0131n bilan\u00e7o ve gelir tablosu<br \/>\n11. Son ayr\u0131nt\u0131l\u0131 mizan<br \/>\n12. Kapasite raporu (imalat\u00e7\u0131 firmalarda)<\/p>\n<p><strong>B- Limited \u015eirketler<\/strong><br \/>\n1. \u0130mza Sirk\u00fcleri<br \/>\n2. \u0130mza sirk\u00fclerinin dayana\u011f\u0131 olan ticaret sicil gazetesi<br \/>\n3. Son vergi levhas\u0131<br \/>\n4. Son sermaye da\u011f\u0131l\u0131m\u0131n\u0131 g\u00f6steren gazete<br \/>\n5. Kurulu\u015f gazetesi<br \/>\n6. \u0130mza yetkililerinin ve kefalet imzas\u0131 al\u0131nan ki\u015filerin n\u00fcfus c\u00fczdan\u0131 fotokopileri<br \/>\n7. \u0130mza sirk\u00fcleri olmay\u0131p kefalet imzas\u0131 al\u0131nan ki\u015filerin imza beyannameleri<br \/>\n8. Kefalet imzas\u0131 al\u0131nan ki\u015filerin kimlik ve vergi numaralar\u0131<br \/>\n9. Kefalet imzas\u0131 al\u0131nan grup \u015firketi varsa; imza sirk\u00fcleri ve dayanak gazetesi<br \/>\n10. Son \u00fc\u00e7 y\u0131l\u0131n bilan\u00e7o ve gelir tablosu<br \/>\n11. Son ayr\u0131nt\u0131l\u0131 mizan<br \/>\n12. Kapasite raporu (imalat\u00e7\u0131 firmalarda)<\/p>\n<p><strong>2-) \u00d6ZEL K\u0130\u015e\u0130LER<\/strong><br \/>\n1. \u0130mza Sirk\u00fcleri veya beyannamesi<br \/>\n2. Ticaret siciline kay\u0131tl\u0131 ise, sicil gazetesi<br \/>\n3. Ticaret siciline kay\u0131tl\u0131 de\u011fil ise, ba\u011fl\u0131 bulundu\u011fu meslek grubuna ait belge<br \/>\n4. Son vergi levhas\u0131<br \/>\n5. N\u00fcfus c\u00fczdan\u0131 fotokopisi<br \/>\n6. Son iki y\u0131l\u0131n bilan\u00e7o ve gelir tablosu<br \/>\n7. Son ayr\u0131nt\u0131l\u0131 mizan<\/p>\n<p><strong>TUR\u0130ZM YATIRIM BELGES\u0130<\/strong><\/p>\n<p>Turizm Tesisleri i\u00e7in yat\u0131r\u0131m a\u015famas\u0131nda verilen ilk belgedir. Y\u00f6netmelikte belirtilmi\u015f baz\u0131 tesisler i\u00e7in yat\u0131r\u0131m belgesi verilmesi, de\u011ferlendirme Kurulunun karar\u0131na ba\u011fl\u0131d\u0131r.<br \/>\nYat\u0131r\u0131m s\u00fcresi sonunda ya da tesis tamamland\u0131\u011f\u0131nda, Turizm \u0130\u015fletmesi Belgesi almak i\u00e7inba\u015fvuru yap\u0131lmas\u0131 gerekir.<br \/>\nBa\u015fvuruda bulunulmam\u0131\u015f ise, tesis mahallinde durum tespiti i\u00e7in denetim yap\u0131l\u0131r ve Kanun gere\u011fi gereken i\u015flem tesise uygulan\u0131r.<br \/>\nTurizm Desteklerinden yararlanmak i\u00e7in Turizm Yat\u0131r\u0131m \u0130zin Belgesi ve Turizm i\u015fletme Belgesi almay\u0131 ihmal etmeyiniz.<br \/>\n\u0130nceleme Raporu: Yapaca\u011f\u0131n\u0131z tesisin \u00f6zelliklerine, yat\u0131r\u0131m yap\u0131lacak b\u00f6lgesine iline g\u00f6re de\u011ferlendirme yap\u0131larak, Turizm i\u015fletme belgesi alabilmesini sa\u011flayan \u015fartlarla, devlet desteklerinden en y\u00fcksek oranda yararlanma \u015fartlar\u0131 hakk\u0131nda bilgilendirilir.<br \/>\nBa\u015fvuru: Evraklar\u0131n titizlikle kontrol edilerek ilgili kuruma ba\u015fvurusu yap\u0131l\u0131r.<\/p>\n<p>Takibi: Dosyan\u0131n ilgili kurumdan g\u00fcnl\u00fck takip edilerek i\u015fleme al\u0131nmas\u0131n\u0131n sa\u011flan\u0131r, i\u015flem s\u00fcre\u00e7leri hakk\u0131nda firma yetkilileri bilgilendirilir.<\/p>\n<p>Sonu\u00e7land\u0131rma: Takip sonucunda onaylanan belgenin kurumdan al\u0131narak Belge Kullan\u0131m k\u0131lavuzu ile birlikte firman\u0131za g\u00f6nderilir.<\/p>\n<p><strong>BA\u015eVURU \u0130\u00c7\u0130N GEREKL\u0130 B\u0130LG\u0130 VE BELGELER<\/strong><\/p>\n<p>1. Ba\u015fvuru dilek\u00e7esi:<br \/>\n2. Rapor (al\u0131nan bilgilere do\u011frultusunda taraf\u0131m\u0131zca haz\u0131rlayanacakt\u0131r)<br \/>\n3. Ticaret sicili gazetesi<br \/>\n4. \u0130mza sirk\u00fcleri<br \/>\n5. Vergi Levhas\u0131<br \/>\n6. Tapu fotokopisi<br \/>\n7. \u0130mar durum belgesi (apart \u00fcniteler i\u00e7in<\/p>\n<p><strong>TUR\u0130ZM \u0130\u015eLETMES\u0130 BELGES\u0130 <\/strong><br \/>\n21.06.2005 tarih ve 25852 say\u0131l\u0131 Resmi Gazete\u2019de yay\u0131mlanarak y\u00fcr\u00fcrl\u00fc\u011fe giren Turizm Tesislerinin Belgelendirilmesine ve Niteliklerine \u0130li\u015fkin Y\u00f6netmeli\u011fe g\u00f6re Turizm \u0130\u015fletmesi Belgesi Bakanl\u0131k\u00e7a turizm tesislerine i\u015fletme a\u015famas\u0131nda verilen belgeyi ifade eder. <\/p>\n<p><strong>TUR\u0130ZM \u0130\u015eLETMES\u0130 BELGES\u0130 BA\u015eVURUSU<\/strong><\/p>\n<p>\u0130lgili y\u00f6netmelik\u00e7e istenen belgelerle birlikte bakanl\u0131\u011fa ba\u015fvurulmas\u0131 halinde Ba\u015fvurular, ba\u015fvuru belgelerinin eksiksiz olarak Bakanl\u0131\u011fa tesliminden itibaren altm\u0131\u015f g\u00fcn i\u00e7inde sonu\u00e7land\u0131r\u0131l\u0131r. Ba\u015fvuru uygun bulunan tesisler denetim program\u0131na al\u0131n\u0131r ve denetim sonucu olumlu olanlar belgelendirilir.<\/p>\n<p><strong>GEREKL\u0130 BELGELER T\u00dcZEL K\u0130\u015e\u0130LER \u0130\u00c7\u0130N <\/strong><\/p>\n<p>Dilek\u00e7e(Ek-1) -Tesis Tan\u0131t\u0131m Raporu<\/p>\n<p>2) -\u0130mza Sirk\u00fcleri -\u0130\u015fyeri A\u00e7ma ve \u00c7al\u0131\u015fma Ruhsat\u0131<\/p>\n<p><strong>GER\u00c7EK K\u0130\u015e\u0130LER \u0130\u00c7\u0130N <\/strong><\/p>\n<p>Dilek\u00e7e(Ek-1) -Tesis Tan\u0131t\u0131m Raporu<\/p>\n<p>2) -\u0130mza Beyannamesi -\u0130\u015fyeri A\u00e7ma ve \u00c7al\u0131\u015fma Ruhsat\u0131 <\/p>\n<p><strong><span style=\"color: #00ccff;\">B\u00dcT\u00dcN \u0130STENEN EVRAKLAR G\u00dcNCEL VE YEN\u0130 TAR\u0130HL\u0130 OLMALIDIR.<\/span><\/strong><\/p>\n","protected":false},"excerpt":{"rendered":"<p>\u0130KRAZAT \u0130\u015eLEM\u0130 YAPILMASI \u0130\u00c7\u0130N GEREKL\u0130 EVRAKLAR \u015e\u0130RKETLER \u0130\u00c7\u0130N \u2022 \u015e\u0130RKET VERG\u0130 LEVHASI \u2022 \u0130MZA S\u0130RK\u00dcLER\u0130 \u2022 T\u0130C.S\u0130C\u0130L GAZETES\u0130 \u2022 FAAL\u0130YET BELGES\u0130 VEYA SON AYA A\u0130T KDV TAHAKKUKU. \u2022 \u0130\u015eLEM\u0130 \u015e\u0130RKET \u0130MZA YETK\u0130L\u0130S\u0130 YAPACA\u011eINDAN \u0130MZA YETK\u0130L\u0130S\u0130N\u0130N K\u0130ML\u0130K ASLI \u2022 VEKALETEN \u015e\u0130RKET<\/p>\n","protected":false},"author":1,"featured_media":0,"parent":0,"menu_order":0,"comment_status":"closed","ping_status":"closed","template":"","meta":{"footnotes":""},"class_list":["post-82","page","type-page","status-publish","hentry"],"_links":{"self":[{"href":"http:\/\/mtfinans.com\/tr\/wp-json\/wp\/v2\/pages\/82","targetHints":{"allow":["GET"]}}],"collection":[{"href":"http:\/\/mtfinans.com\/tr\/wp-json\/wp\/v2\/pages"}],"about":[{"href":"http:\/\/mtfinans.com\/tr\/wp-json\/wp\/v2\/types\/page"}],"author":[{"embeddable":true,"href":"http:\/\/mtfinans.com\/tr\/wp-json\/wp\/v2\/users\/1"}],"replies":[{"embeddable":true,"href":"http:\/\/mtfinans.com\/tr\/wp-json\/wp\/v2\/comments?post=82"}],"version-history":[{"count":4,"href":"http:\/\/mtfinans.com\/tr\/wp-json\/wp\/v2\/pages\/82\/revisions"}],"predecessor-version":[{"id":141,"href":"http:\/\/mtfinans.com\/tr\/wp-json\/wp\/v2\/pages\/82\/revisions\/141"}],"wp:attachment":[{"href":"http:\/\/mtfinans.com\/tr\/wp-json\/wp\/v2\/media?parent=82"}],"curies":[{"name":"wp","href":"https:\/\/api.w.org\/{rel}","templated":true}]}}