{"id":92,"date":"2014-07-10T09:42:21","date_gmt":"2014-07-10T09:42:21","guid":{"rendered":"http:\/\/mtfinans.com\/tr\/?page_id=92"},"modified":"2014-07-10T10:11:36","modified_gmt":"2014-07-10T10:11:36","slug":"kirsal-kalkinma","status":"publish","type":"page","link":"http:\/\/mtfinans.com\/tr\/kirsal-kalkinma\/","title":{"rendered":"K\u0131rsal Kalk\u0131nma"},"content":{"rendered":"<p>KIRSAL KALKINMA (TEDGEM) H\u0130BE PROJELER\u0130<br \/>\nG\u0131da, Tar\u0131m ve Hayvanc\u0131l\u0131k Bakanl\u0131\u011f\u0131\u2019 n\u0131n, tar\u0131m \u00fcreticilerinin kalk\u0131nma yat\u0131r\u0131mlar\u0131 i\u00e7in k\u0131rsal alanlarda \u015firket, kooperatif ve benzeri kurumlar arac\u0131l\u0131\u011f\u0131yla haz\u0131rlayacaklar\u0131 projelere hibe sa\u011flanmak \u00fczere \u00dcretici \u00d6rg\u00fctlerinin Kurumsal Yap\u0131s\u0131n\u0131n G\u00fc\u00e7lendirilmesi Projesi (IRFO) kapsam\u0131nda Te\u015fkilatlanma ve Destekleme Genel M\u00fcd\u00fcrl\u00fc\u011f\u00fc (TEDGEM) koordinasyonunda \u201cK\u0131rsal Kalk\u0131nma Yat\u0131r\u0131mlar\u0131n\u0131n Desteklenmesi\u201d (KKYDP) program\u0131n\u0131 ba\u015flatm\u0131\u015ft\u0131r.<\/p>\n<p>KIRSAL KALKINMA YATIRIMLARININ DESTEKLENMES\u0130 PROGRAMI \u0130\u00c7ER\u0130\u011e\u0130 NED\u0130R?<\/p>\n<p>G\u0131da, Tar\u0131m ve Hayvanc\u0131l\u0131k Bakanl\u0131\u011f\u0131\u2019 n\u0131n 2010-2014 Stratejik Plan\u0131 \u00e7er\u00e7evesinde;<\/p>\n<p>Tar\u0131m \u00fcreticilerine<br \/>\nK\u0131rsal alanlarda bireysel ve\/veya bir arada yapacaklar\u0131 \u00f6z sermayeye dayal\u0131 projelere<br \/>\nK\u0131rsal alanda ekonomik ve soysal geli\u015fmeyi sa\u011flamak i\u00e7in; ger\u00e7ek ve t\u00fczel ki\u015filere,<br \/>\nPROGRAMIN AMACI VE GEREK\u00c7ES\u0130 NED\u0130R?<\/p>\n<p>K\u0131rsal alanda,<\/p>\n<p>Gelir ve sosyal standartlar\u0131 geli\u015ftirmek,<br \/>\nAltyap\u0131y\u0131 iyile\u015ftirmek,<br \/>\nTar\u0131m-Sanayi entegrasyonu sa\u011flamak,<br \/>\nG\u0131da g\u00fcvenli\u011fini g\u00fc\u00e7lendirmek,<br \/>\nTar\u0131msal \u00fcr\u00fcnlerin pazarlama \u00f6mr\u00fcn\u00fcn uzat\u0131lmas\u0131,<br \/>\nAlternatif gelir kaynaklar\u0131 yaratmak,<br \/>\nMevcut k\u0131rsal kalk\u0131nma \u00e7al\u0131\u015fmalar\u0131n\u0131n etkinli\u011fini art\u0131rmak,<br \/>\nKatma de\u011fer sa\u011flayacak altyap\u0131 tesis etmek,<br \/>\nGiri\u015fimcilik kapasitesi yaratmak,<br \/>\nUluslararas\u0131 kaynaklar\u0131n (\u00f6zellikle AB)  kullan\u0131m\u0131 i\u00e7in kapasite olu\u015fturmakt\u0131r.<br \/>\nTar\u0131msal \u00fcr\u00fcnlerin i\u015flenmesi, depolanmas\u0131 ve pazarlanmas\u0131na y\u00f6nelik ekonomik faaliyet yat\u0131r\u0131mlar\u0131 ile bu kurulu\u015flar\u0131n mevcut altyap\u0131 tesislerinin rehabilitasyonuna y\u00f6nelik yat\u0131r\u0131mlar\u0131n\u0131 te\u015fvik etmek ve desteklemek amac\u0131yla hibe deste\u011fi vermesini ama\u00e7layan k\u0131rsal kalk\u0131nma program\u0131d\u0131r. Tar\u0131ma Dayal\u0131 Yat\u0131r\u0131mlar\u0131n Desteklenmesi Hibe program\u0131 kapsam\u0131nda \u015firket ba\u015fvurular\u0131nda 300.000 TL\u2019ye, ger\u00e7ek ki\u015fi ba\u015fvurular\u0131nda 75.000 TL\u2019ye kadar hibe destekleri verilmektedir.<\/p>\n<p>K\u0131rsal Kalk\u0131nma Yat\u0131r\u0131mlar\u0131n\u0131n Desteklenmesi Program\u0131 kapsam\u0131nda y\u00fcr\u00fct\u00fclecek olan \u201cTar\u0131ma Dayal\u0131 Yat\u0131r\u0131mlar\u0131n Desteklenmesi Program\u0131\u201d uygulamalar\u0131 i\u00e7in  81 il kapsam\u0131nda k\u0131rsal alanda ekonomik ve sosyal geli\u015fmeyi sa\u011flamak i\u00e7in ger\u00e7ek ve t\u00fczel ki\u015filerin ekonomik yat\u0131r\u0131mlar ve mevcut tar\u0131msal sulama tesislerinin rehabilitasyonu yat\u0131r\u0131mlar\u0131na y\u00f6nelik olarak her y\u0131l yay\u0131nlanacak olan rehberde belirtilen usul ve esaslar do\u011frultusunda haz\u0131rlayacaklar\u0131 hibe ba\u015fvurular\u0131n\u0131n il ve Bakanl\u0131k d\u00fczeyinde de\u011ferlendirilmeleri sonucunda uygun bulunanlar programa al\u0131nmakta ve hibeye esas proje tutarlar\u0131n\u0131n, ekonomik yat\u0131r\u0131mlara y\u00f6nelik olanlar\u0131nda % 50\u2019si (elli), toplu bas\u0131n\u00e7l\u0131 sulama sistemine y\u00f6nelik olanlar\u0131nda ise %75\u2019i (yetmi\u015fbe\u015f) hibe deste\u011fi olarak program b\u00fct\u00e7esinden kar\u015f\u0131lanmaktad\u0131r.<\/p>\n<p>A\u015fa\u011f\u0131daki konulardaki projeler desteklenmektedir:<\/p>\n<p>Tar\u0131msal \u00fcr\u00fcnlerin i\u015flenmesi, depolanmas\u0131 ve paketlenmesine y\u00f6nelik yeni yat\u0131r\u0131mlar,<br \/>\nTar\u0131msal \u00fcr\u00fcnlerin i\u015flenmesi, depolanmas\u0131 ve paketlenmesine y\u00f6nelik mevcut faal olan veya olmayan tesislerin kapasite art\u0131r\u0131m\u0131 ve teknoloji yenilenmesine y\u00f6nelik yat\u0131r\u0131mlar,<br \/>\nTar\u0131msal \u00fcr\u00fcnlerin i\u015flenmesi, depolanmas\u0131 ve paketlenmesine y\u00f6nelik k\u0131smen yap\u0131lm\u0131\u015f yat\u0131r\u0131mlar\u0131n tamamlanmas\u0131na y\u00f6nelik yat\u0131r\u0131mlar,<br \/>\nAlternatif enerji kaynaklar\u0131 kullanan seralar\u0131n yap\u0131m\u0131na y\u00f6nelik yeni yat\u0131r\u0131mlar,<br \/>\nTebli\u011f kapsam\u0131nda bulunan konularla ilgili tar\u0131msal faaliyetlere y\u00f6nelik yap\u0131lm\u0131\u015f veya yap\u0131lacak tesislerde kullan\u0131lmak \u00fczere, alternatif enerji kaynaklar\u0131ndan jeotermal, biyogaz, g\u00fcne\u015f ve r\u00fczgar enerjisi \u00fcretimine y\u00f6nelik yat\u0131r\u0131mlar, hibe deste\u011fi kapsam\u0131nda de\u011ferlendirilir.<br \/>\nUn, karma yem ve zeytinya\u011f\u0131 konular\u0131nda yeni yat\u0131r\u0131m tesisi ba\u015fvurular\u0131 kabul edilmez.<br \/>\nKoyun, ke\u00e7i ve manda konular\u0131nda modern sabit yat\u0131r\u0131m projeleri desteklenir.<br \/>\nKimler Ba\u015fvuruda Bulunabilir:<\/p>\n<p>K\u0131rsal Kalk\u0131nma Yat\u0131r\u0131mlar\u0131n\u0131n Desteklemesi Program\u0131na, 81 ilde tar\u0131msal \u00fcr\u00fcnlerin i\u015flenmesi alan\u0131nda faaliyet g\u00f6steren; Ger\u00e7ek ki\u015filer (Bireyler), T\u00fczel ki\u015filer, (\u015eirketler, tar\u0131msal ama\u00e7l\u0131 kooperatifler, birlikler ile bunlar\u0131n \u00fcst \u00f6rg\u00fctleri, sulama kooperatifleri ve k\u00f6ylere hizmet g\u00f6t\u00fcrme birlikleri) Tar\u0131m \u0130l M\u00fcd\u00fcrl\u00fcklerine tek konuda ba\u015fvurabilirler.<\/p>\n<p>G\u0131da, Tar\u0131m ve Hayvanc\u0131l\u0131k Bakanl\u0131\u011f\u0131, her y\u0131l 81 ilde yukar\u0131daki konularda destek programlar\u0131 a\u00e7\u0131klamaktad\u0131r.<\/p>\n","protected":false},"excerpt":{"rendered":"<p>KIRSAL KALKINMA (TEDGEM) H\u0130BE PROJELER\u0130 G\u0131da, Tar\u0131m ve Hayvanc\u0131l\u0131k Bakanl\u0131\u011f\u0131\u2019 n\u0131n, tar\u0131m \u00fcreticilerinin kalk\u0131nma yat\u0131r\u0131mlar\u0131 i\u00e7in k\u0131rsal alanlarda \u015firket, kooperatif ve benzeri kurumlar arac\u0131l\u0131\u011f\u0131yla haz\u0131rlayacaklar\u0131 projelere hibe sa\u011flanmak \u00fczere \u00dcretici \u00d6rg\u00fctlerinin Kurumsal Yap\u0131s\u0131n\u0131n G\u00fc\u00e7lendirilmesi Projesi (IRFO) kapsam\u0131nda Te\u015fkilatlanma ve Destekleme<\/p>\n","protected":false},"author":1,"featured_media":0,"parent":0,"menu_order":0,"comment_status":"closed","ping_status":"closed","template":"","meta":{"footnotes":""},"class_list":["post-92","page","type-page","status-publish","hentry"],"_links":{"self":[{"href":"http:\/\/mtfinans.com\/tr\/wp-json\/wp\/v2\/pages\/92","targetHints":{"allow":["GET"]}}],"collection":[{"href":"http:\/\/mtfinans.com\/tr\/wp-json\/wp\/v2\/pages"}],"about":[{"href":"http:\/\/mtfinans.com\/tr\/wp-json\/wp\/v2\/types\/page"}],"author":[{"embeddable":true,"href":"http:\/\/mtfinans.com\/tr\/wp-json\/wp\/v2\/users\/1"}],"replies":[{"embeddable":true,"href":"http:\/\/mtfinans.com\/tr\/wp-json\/wp\/v2\/comments?post=92"}],"version-history":[{"count":2,"href":"http:\/\/mtfinans.com\/tr\/wp-json\/wp\/v2\/pages\/92\/revisions"}],"predecessor-version":[{"id":103,"href":"http:\/\/mtfinans.com\/tr\/wp-json\/wp\/v2\/pages\/92\/revisions\/103"}],"wp:attachment":[{"href":"http:\/\/mtfinans.com\/tr\/wp-json\/wp\/v2\/media?parent=92"}],"curies":[{"name":"wp","href":"https:\/\/api.w.org\/{rel}","templated":true}]}}