{"id":104,"date":"2014-07-10T10:13:26","date_gmt":"2014-07-10T10:13:26","guid":{"rendered":"http:\/\/mtfinans.com\/tr\/?page_id=104"},"modified":"2014-07-10T10:13:26","modified_gmt":"2014-07-10T10:13:26","slug":"leasing-hizmetleri","status":"publish","type":"page","link":"https:\/\/mtfinans.com\/tr\/leasing-hizmetleri\/","title":{"rendered":"Leasing Hizmetleri"},"content":{"rendered":"<p>Leasing bir banka kredisi, faktoring ya da mortgage gibi bir finansman y\u00f6ntemidir. Leasing\u2019in di\u011fer kredilerden fark\u0131 ise sadece yat\u0131r\u0131m yapan \u015firketlerin leasing yapabilmesidir. Bu durumda leasing \u015firketi kredi almak isteyen \u015firkete nakit para vermez. Almak istedi\u011fi makina ekipman\u0131 leasing \u015firketi sat\u0131n al\u0131r. Yani bir leasing i\u015fleminin ger\u00e7ekle\u015febilmesi i\u00e7in, bir leasing \u015firketi, m\u00fc\u015fteri, yat\u0131r\u0131m konusu mal ve mal\u0131 satacak bir sat\u0131c\u0131 bulunmal\u0131d\u0131r.<\/p>\n<p>Leasing i\u015fleminde mal\u0131n m\u00fclkiyeti leasing \u015firketine ait olup kullan\u0131m haklar\u0131 leasing yapan firmaya aittir. Leasing \u015firketi m\u00fc\u015fterinin istedi\u011fi mal\u0131 sat\u0131n al\u0131p m\u00fc\u015fteriye teslim eder ve m\u00fc\u015fteri leasing \u015firketine makinan\u0131n bedelini kira olarak geri \u00f6der. Finansal kiralama \u015fu anda T\u00fcrkiye\u2019de uygulanan Leasing modelidir. Finansal kiralamada, s\u00f6zle\u015fme s\u00fcresi sonunda m\u00fc\u015fteri \u00f6demelerini yapt\u0131\u011f\u0131 takdirde makina m\u00fc\u015fteriye sembolik bir tutarla fatura edilir.<\/p>\n<p>\u00bb B\u0130REYSEL BANKA KRED\u0130LER\u0130<br \/>\n\u00bb KOB\u0130 BANKA KRED\u0130LER\u0130<br \/>\n\u00bb ARA\u00c7 KRED\u0130LER\u0130<\/p>\n<p><strong>Ta\u015f\u0131t Kredisi<\/strong><br \/>\nAra\u00e7 rehin al\u0131n\u0131r ve kefil istenmez, max. vade 60 ayd\u0131r ve ara\u00e7 kasko bedelinin %70-90\u2032\u0131na kadar kredi kullan\u0131labilir. Ta\u015f\u0131t kredisinde vade ve faiz oran\u0131 bankadan bankaya de\u011fi\u015fkenlik g\u00f6sterir. Kaskonun kredi al\u0131nacak bankadan yapt\u0131r\u0131lmas\u0131 durumunda faiz oran\u0131 ve masraf indiriminden yararlan\u0131labilir. Acentalar\u0131n d\u00f6nemsel olarak bankalarla yapt\u0131\u011f\u0131 anla\u015fmalarla t\u00fcketicilere, \u00f6zel faiz oran\u0131 se\u00e7enekleri de sunulur.<\/p>\n<p><strong>0 km ara\u00e7lar<\/strong><br \/>\nAra\u00e7 rehin al\u0131n\u0131r ve genelde kefil istenmez, ara\u00e7 kasko bedelinin %60-80\u2032ine kadar kredi kullan\u0131labilir. Maximum vade genelde 60 ayd\u0131r.<\/p>\n<p><strong>2. el ara\u00e7lar<\/strong><br \/>\nAra\u00e7 rehin al\u0131n\u0131r ve genelde kefil istenir, ara\u00e7 kasko bedelinin %60-80\u2032ine kadar kredi kullan\u0131labilir. Maximum vade genelde 60 ayd\u0131r.<\/p>\n<p><strong>En Uygun Ta\u015f\u0131t Kredisi<\/strong><br \/>\nT\u00fcm bankalar\u0131n ta\u015f\u0131t kredilerini kar\u015f\u0131la\u015ft\u0131r\u0131n, KrediDunyas\u0131 ile en hesapl\u0131 ta\u015f\u0131t kredisine kolayca ba\u015fvurun.<\/p>\n","protected":false},"excerpt":{"rendered":"<p>Leasing bir banka kredisi, faktoring ya da mortgage gibi bir finansman y\u00f6ntemidir. Leasing\u2019in di\u011fer kredilerden fark\u0131 ise sadece yat\u0131r\u0131m yapan \u015firketlerin leasing yapabilmesidir. Bu durumda leasing \u015firketi kredi almak isteyen \u015firkete nakit para vermez. Almak istedi\u011fi makina ekipman\u0131 leasing \u015firketi<\/p>\n","protected":false},"author":1,"featured_media":0,"parent":0,"menu_order":0,"comment_status":"closed","ping_status":"closed","template":"","meta":{"footnotes":""},"class_list":["post-104","page","type-page","status-publish","hentry"],"_links":{"self":[{"href":"https:\/\/mtfinans.com\/tr\/wp-json\/wp\/v2\/pages\/104","targetHints":{"allow":["GET"]}}],"collection":[{"href":"https:\/\/mtfinans.com\/tr\/wp-json\/wp\/v2\/pages"}],"about":[{"href":"https:\/\/mtfinans.com\/tr\/wp-json\/wp\/v2\/types\/page"}],"author":[{"embeddable":true,"href":"https:\/\/mtfinans.com\/tr\/wp-json\/wp\/v2\/users\/1"}],"replies":[{"embeddable":true,"href":"https:\/\/mtfinans.com\/tr\/wp-json\/wp\/v2\/comments?post=104"}],"version-history":[{"count":1,"href":"https:\/\/mtfinans.com\/tr\/wp-json\/wp\/v2\/pages\/104\/revisions"}],"predecessor-version":[{"id":105,"href":"https:\/\/mtfinans.com\/tr\/wp-json\/wp\/v2\/pages\/104\/revisions\/105"}],"wp:attachment":[{"href":"https:\/\/mtfinans.com\/tr\/wp-json\/wp\/v2\/media?parent=104"}],"curies":[{"name":"wp","href":"https:\/\/api.w.org\/{rel}","templated":true}]}}