{"id":131,"date":"2014-07-10T13:03:34","date_gmt":"2014-07-10T13:03:34","guid":{"rendered":"http:\/\/mtfinans.com\/tr\/?page_id=131"},"modified":"2015-05-01T19:35:28","modified_gmt":"2015-05-01T19:35:28","slug":"krediler","status":"publish","type":"page","link":"https:\/\/mtfinans.com\/tr\/krediler\/","title":{"rendered":"Krediler"},"content":{"rendered":"<p><strong>Proje Finansman\u0131<\/strong><\/p>\n<p><strong>Altyap\u0131 Projeleri<\/strong><br \/>\nLiman, havaliman\u0131, kamu hastaneleri, otoyol ve k\u00f6pr\u00fcler gibi b\u00fcy\u00fck tutarl\u0131 finansman gerektiren altyap\u0131 projelerinin analizi yap\u0131lmakta, bu projeler i\u00e7in en uygun finansman yap\u0131lar\u0131 olu\u015fturulmakta ve bu \u00e7er\u00e7evede uzun vadeli proje kredileri sa\u011flanmaktad\u0131r.<\/p>\n<p><strong>Enerji Projeleri<\/strong><br \/>\nTermik santraller, elektrik da\u011f\u0131t\u0131m projeleri, yenilenebilir enerji yat\u0131r\u0131mlar\u0131 gibi enerji projeleri incelenmekte, bu projelerin risklerine ve projenin \u00f6zelliklerine en uygun finansman yap\u0131s\u0131 olu\u015fturulmakta ve bu yap\u0131land\u0131rmaya uygun kredi dok\u00fcmantasyonu haz\u0131rlanarak krediler kulland\u0131r\u0131lmaktad\u0131r.<\/p>\n<p><strong>Ticari Gayrimenkul Projeleri<\/strong><br \/>\nAl\u0131\u015fveri\u015f merkezi ve karma konut projeleri gibi ticari gelir yaratan gayrimenkul projeleri de\u011ferlendirilmekte ve bu projelere uzun vadeli finansman sa\u011flanmaktad\u0131r.<\/p>\n<p><strong>Rotatif Krediler<\/strong><br \/>\nK\u0131sa s\u00fcreli nakit ihtiyac\u0131n\u0131z\u0131 kar\u015f\u0131lamak amac\u0131yla, belirtilen vade ve limit i\u00e7inde kalmak \u015fart\u0131yla istedi\u011finiz zaman ve miktarda para \u00e7ekmenize imkan veren bor\u00e7lu cari hesap \u015feklinde \u00e7al\u0131\u015fan kredi t\u00fcr\u00fcd\u00fcr. \u0130stenilen zaman ise kredinin k\u0131smen veya tamamen kapat\u0131labilmesi faiz y\u00fck\u00fcn\u00fc hafifletmektedir. Vadesi ve faiz oran\u0131 kulland\u0131r\u0131m an\u0131nda sabitlenmeyen kredinin faiz tahakkuku 3 ayda bir yap\u0131lmaktad\u0131r.<\/p>\n<p><strong>Spot Krediler<\/strong><br \/>\nVadesi belli finansman ihtiya\u00e7lar\u0131n\u0131z i\u00e7in bir defada kullanabilece\u011finiz, kredi anaparas\u0131 ve faizi vade tarihinde kapat\u0131lan kredi t\u00fcr\u00fcd\u00fcr. Spot kredilerin tutar\u0131, uygulanacak faiz oran\u0131 ve vadesi kredinin s\u00fcresi boyunca de\u011fi\u015fmez. Sabit faiz oran\u0131 ile piyasa dalgalanmalar\u0131n\u0131n etkisinden ka\u00e7\u0131nabilirsiniz.<\/p>\n<p><strong>Kredili Mevduat Hesab\u0131<\/strong><br \/>\nKredili Mevduat Hesab\u0131 ile hesap bakiyeniz &#8220;0&#8221; olsa bile, \u00f6nceden sizin i\u00e7in belirlenmi\u015f limitler dahilinde hesab\u0131n\u0131z\u0131 kullanmaya devam edebilirsiniz. T\u00fcm bankac\u0131l\u0131k i\u015flemlerinizi yapmaya devam edebilir (fatura \u00f6demeleri, havale, eft vb.), nakit ihtiya\u00e7lar\u0131n\u0131z\u0131 bu krediyi kullanarak kar\u015f\u0131layabilirsiniz. \u00dcr\u00fcn kullan\u0131m\u0131 ile ilgili hesap hareketlerinizi ve bor\u00e7 faiz tutar\u0131n\u0131z\u0131 g\u00f6steren her t\u00fcrl\u00fc bilgiyi, her ay\u0131n sonunda taraf\u0131n\u0131za g\u00f6nderilen ekstre ile g\u00f6rebilirsiniz.<\/p>\n<p><strong>\u0130skonto Kredisi<\/strong><br \/>\n\u00c7ek, senet gibi ticari i\u015flemlerden do\u011fmu\u015f ve hen\u00fcz vadesi gelmemi\u015f ticari senetlerinizi vadesinden \u00f6nce ciro ve teslim yoluyla bankaya sat\u0131larak nakde \u00e7evrilebilen kredi t\u00fcr\u00fcd\u00fcr. Alacakl\u0131s\u0131 oldu\u011funuz \u00e7ek\/senet tutar\u0131 \u00fczerinden hesap edilecek faiz, komisyon, KKDF ve BSMV d\u00fc\u015f\u00fcld\u00fckten sonra kalan mebla\u011f\u0131n \u00f6denmesi ile kulland\u0131r\u0131lan kredi, firman\u0131za k\u0131sa vadeli finansman ve nakit y\u00f6netimi sa\u011flar.<\/p>\n<p><strong>Yat\u0131r\u0131m Kredileri<\/strong><br \/>\nProje Finansman\u0131 birimimiz taraf\u0131ndan haz\u0131rlanan yat\u0131r\u0131m ihtiya\u00e7lar\u0131n\u0131z i\u00e7in uygun yat\u0131r\u0131m projeksiyonlar\u0131 do\u011frultusunda sa\u011flanan nakdi ve gayrinakdi kredilerdir. Yat\u0131r\u0131m kredileri birim taraf\u0131ndan haz\u0131rlanan i\u015f plan, sekt\u00f6r analizleri ve nakit ak\u0131\u015f projeksiyonlar\u0131 do\u011frultusunda olu\u015fturulur.<\/p>\n<p><strong>\u0130hracat Kredileri<\/strong><br \/>\n\u0130hracat faaliyetlerinde ve ihracat say\u0131lan sat\u0131\u015f ile d\u00f6viz kazand\u0131r\u0131c\u0131 faaliyetlerde bulunan firmalar\u0131n sevk \u00f6ncesi veya sonras\u0131 ihtiya\u00e7lar\u0131n\u0131n finansman\u0131 i\u00e7in kullan\u0131lan kredi t\u00fcr\u00fcd\u00fcr. \u0130hracat amac\u0131yla kulland\u0131r\u0131lan bu t\u00fcr krediler ile ihracat taahh\u00fcd\u00fcne ba\u011fl\u0131 olarak vergi, resim ve har\u00e7 istisnas\u0131ndan yararlanabilirsiniz.<\/p>\n<p><strong>\u0130hracat\u00e7\u0131 Firmalara Eximbank Kredisi<\/strong><br \/>\n Eximbank, ihracat\u00e7\u0131lar\u0131, ihracata y\u00f6nelik \u00fcretim yapan imalat\u00e7\u0131lar\u0131 ve yurt d\u0131\u015f\u0131nda faaliyet g\u00f6steren giri\u015fimcileri k\u0131sa, orta-uzun vadeli nakdi ve gayr\u0131nakdi kredi programlar\u0131 ile desteklemektedir. Ayr\u0131ca, vadeli sat\u0131\u015f i\u015flemlerini te\u015fvik etmek ve bu yolla ihracat hacmini art\u0131rmak, yeni ve hedef pazarlara girilmesini kolayla\u015ft\u0131rmak amac\u0131yla vadeli ihracat alacaklar\u0131n\u0131 iskonto etmektedir.<\/p>\n","protected":false},"excerpt":{"rendered":"<p>Proje Finansman\u0131 Altyap\u0131 Projeleri Liman, havaliman\u0131, kamu hastaneleri, otoyol ve k\u00f6pr\u00fcler gibi b\u00fcy\u00fck tutarl\u0131 finansman gerektiren altyap\u0131 projelerinin analizi yap\u0131lmakta, bu projeler i\u00e7in en uygun finansman yap\u0131lar\u0131 olu\u015fturulmakta ve bu \u00e7er\u00e7evede uzun vadeli proje kredileri sa\u011flanmaktad\u0131r. Enerji Projeleri Termik santraller,<\/p>\n","protected":false},"author":1,"featured_media":0,"parent":0,"menu_order":0,"comment_status":"closed","ping_status":"closed","template":"","meta":{"footnotes":""},"class_list":["post-131","page","type-page","status-publish","hentry"],"_links":{"self":[{"href":"https:\/\/mtfinans.com\/tr\/wp-json\/wp\/v2\/pages\/131","targetHints":{"allow":["GET"]}}],"collection":[{"href":"https:\/\/mtfinans.com\/tr\/wp-json\/wp\/v2\/pages"}],"about":[{"href":"https:\/\/mtfinans.com\/tr\/wp-json\/wp\/v2\/types\/page"}],"author":[{"embeddable":true,"href":"https:\/\/mtfinans.com\/tr\/wp-json\/wp\/v2\/users\/1"}],"replies":[{"embeddable":true,"href":"https:\/\/mtfinans.com\/tr\/wp-json\/wp\/v2\/comments?post=131"}],"version-history":[{"count":2,"href":"https:\/\/mtfinans.com\/tr\/wp-json\/wp\/v2\/pages\/131\/revisions"}],"predecessor-version":[{"id":140,"href":"https:\/\/mtfinans.com\/tr\/wp-json\/wp\/v2\/pages\/131\/revisions\/140"}],"wp:attachment":[{"href":"https:\/\/mtfinans.com\/tr\/wp-json\/wp\/v2\/media?parent=131"}],"curies":[{"name":"wp","href":"https:\/\/api.w.org\/{rel}","templated":true}]}}