{"id":144,"date":"2015-05-28T17:46:17","date_gmt":"2015-05-28T17:46:17","guid":{"rendered":"http:\/\/mtfinans.com\/tr\/?page_id=144"},"modified":"2015-05-28T17:50:37","modified_gmt":"2015-05-28T17:50:37","slug":"turizm-isletmesi-belgesi","status":"publish","type":"page","link":"https:\/\/mtfinans.com\/tr\/turizm-isletmesi-belgesi\/","title":{"rendered":"Turizm i\u015fletme belgesi"},"content":{"rendered":"<p><strong>TUR\u0130ZM \u0130\u015eLETMES\u0130 BELGES\u0130 <\/strong><br \/>\n21.06.2005 tarih ve 25852 say\u0131l\u0131 Resmi Gazete\u2019de yay\u0131mlanarak y\u00fcr\u00fcrl\u00fc\u011fe giren Turizm Tesislerinin Belgelendirilmesine ve Niteliklerine \u0130li\u015fkin Y\u00f6netmeli\u011fe g\u00f6re Turizm \u0130\u015fletmesi Belgesi Bakanl\u0131k\u00e7a turizm tesislerine i\u015fletme a\u015famas\u0131nda verilen belgeyi ifade eder.<\/p>\n<p><strong>TUR\u0130ZM \u0130\u015eLETMES\u0130 BELGES\u0130 BA\u015eVURUSU <\/strong><br \/>\n\u0130lgili y\u00f6netmelik\u00e7e istenen belgelerle birlikte bakanl\u0131\u011fa ba\u015fvurulmas\u0131 halinde Ba\u015fvurular, ba\u015fvuru belgelerinin eksiksiz olarak Bakanl\u0131\u011fa tesliminden itibaren altm\u0131\u015f g\u00fcn i\u00e7inde sonu\u00e7land\u0131r\u0131l\u0131r. Ba\u015fvuru uygun bulunan tesisler denetim program\u0131na al\u0131n\u0131r ve denetim sonucu olumlu olanlar belgelendirilir.<\/p>\n<p><strong>GEREKL\u0130 BELGELER T\u00dcZEL K\u0130\u015e\u0130LER \u0130\u00c7\u0130N <\/strong><br \/>\n-Dilek\u00e7e(Ek-1)<br \/>\n-Tesis Tan\u0131t\u0131m Raporu(Ek-2)<br \/>\n-\u0130mza Sirk\u00fcleri<br \/>\n-\u0130\u015fyeri A\u00e7ma ve \u00c7al\u0131\u015fma Ruhsat\u0131<\/p>\n<p><strong>GER\u00c7EK K\u0130\u015e\u0130LER \u0130\u00c7\u0130N <\/strong><br \/>\n-Dilek\u00e7e(Ek-1)<br \/>\n-Tesis Tan\u0131t\u0131m Raporu(Ek-2)<br \/>\n-\u0130mza Beyannamesi<br \/>\n-\u0130\u015fyeri A\u00e7ma ve \u00c7al\u0131\u015fma Ruhsat\u0131<\/p>\n<p><strong>BA\u015eVURUNUN N\u0130TEL\u0130\u011e\u0130NE G\u00d6RE GEREKL\u0130 BELGELER <\/strong><br \/>\n\u0130\u015flemler vekaleten y\u00fcr\u00fct\u00fcl\u00fcyor ise Vekaletname ve vekalet verilen ki\u015finin \u0130mza Beyannamesi -\u0130sim tescili yap\u0131lm\u0131\u015f ise tescile ili\u015fkin belge -Tesis tescilli k\u00fclt\u00fcr varl\u0131\u011f\u0131nda ise buna ili\u015fkin belge -Yat\u0131r\u0131m\u0131n kamu ta\u015f\u0131nmaz\u0131 \u00fczerinde yer almas\u0131 h\u00e2linde ilgili kurumun t\u00fcr, s\u0131n\u0131f ve kapasite konular\u0131nda uygunluk yaz\u0131s\u0131 -Termal Tesis Ba\u015fvurular\u0131nda \u0130l Sa\u011fl\u0131k M\u00fcd\u00fcrl\u00fc\u011f\u00fcnden al\u0131nacak \u201cTermal Tesis \u0130\u015fletme \u0130zin Belgesi\u201d -\u00d6zel Tesis i\u00e7in Ba\u015fvuruluyorsa tesisin tan\u0131t\u0131m\u0131na y\u00f6nelik 5-7 dakikal\u0131k gece ve g\u00fcnd\u00fcz profesyonel \u00e7ekim CD\u2019si. Varsa tesise ili\u015fkin web adresi ve web sayfas\u0131na ili\u015fkin dokumandan olu\u015fan ayr\u0131 bir tesis tan\u0131t\u0131m CD\u2019si.<\/p>\n<p><strong>\u0130\u015eYER\u0130 A\u00c7MA VE \u00c7ALI\u015eMA RUHSATI<\/strong><br \/>\n\u0130\u015fyeri A\u00e7ma ve \u00c7al\u0131\u015fma Ruhsat\u0131nda ge\u00e7ici, \u015fartl\u0131, s\u00fcreli gibi ifadeler yer almamal\u0131d\u0131r. Beyana g\u00f6re verilmi\u015ftir gibi ifadeler olmamal\u0131d\u0131r. -\u0130\u015fyeri A\u00e7ma ve \u00c7al\u0131\u015fma Ruhsat\u0131n\u0131n faaliyet konusu talep edilen t\u00fcr ile uyumlu olmal\u0131d\u0131r. -\u0130\u015fyeri A\u00e7ma ve \u00c7al\u0131\u015fma Ruhsat\u0131n\u0131n tarihi eski ise, ya da al\u0131nd\u0131ktan sonra bir kapasite de\u011fi\u015fikli\u011fi s\u00f6z konusu ise ruhsat\u0131 veren kurumdan s\u00f6z konusu ruhsat\u0131n \u201cyerinde yap\u0131lan tetkik sonucu\u201d tesisin son durumu ile uyumlu oldu\u011funa ili\u015fkin yaz\u0131 al\u0131narak ba\u015fvuru belgelerine eklenmelidir.<\/p>\n","protected":false},"excerpt":{"rendered":"<p>TUR\u0130ZM \u0130\u015eLETMES\u0130 BELGES\u0130 21.06.2005 tarih ve 25852 say\u0131l\u0131 Resmi Gazete\u2019de yay\u0131mlanarak y\u00fcr\u00fcrl\u00fc\u011fe giren Turizm Tesislerinin Belgelendirilmesine ve Niteliklerine \u0130li\u015fkin Y\u00f6netmeli\u011fe g\u00f6re Turizm \u0130\u015fletmesi Belgesi Bakanl\u0131k\u00e7a turizm tesislerine i\u015fletme a\u015famas\u0131nda verilen belgeyi ifade eder. TUR\u0130ZM \u0130\u015eLETMES\u0130 BELGES\u0130 BA\u015eVURUSU \u0130lgili y\u00f6netmelik\u00e7e istenen<\/p>\n","protected":false},"author":1,"featured_media":0,"parent":0,"menu_order":0,"comment_status":"closed","ping_status":"closed","template":"","meta":{"footnotes":""},"class_list":["post-144","page","type-page","status-publish","hentry"],"_links":{"self":[{"href":"https:\/\/mtfinans.com\/tr\/wp-json\/wp\/v2\/pages\/144","targetHints":{"allow":["GET"]}}],"collection":[{"href":"https:\/\/mtfinans.com\/tr\/wp-json\/wp\/v2\/pages"}],"about":[{"href":"https:\/\/mtfinans.com\/tr\/wp-json\/wp\/v2\/types\/page"}],"author":[{"embeddable":true,"href":"https:\/\/mtfinans.com\/tr\/wp-json\/wp\/v2\/users\/1"}],"replies":[{"embeddable":true,"href":"https:\/\/mtfinans.com\/tr\/wp-json\/wp\/v2\/comments?post=144"}],"version-history":[{"count":3,"href":"https:\/\/mtfinans.com\/tr\/wp-json\/wp\/v2\/pages\/144\/revisions"}],"predecessor-version":[{"id":150,"href":"https:\/\/mtfinans.com\/tr\/wp-json\/wp\/v2\/pages\/144\/revisions\/150"}],"wp:attachment":[{"href":"https:\/\/mtfinans.com\/tr\/wp-json\/wp\/v2\/media?parent=144"}],"curies":[{"name":"wp","href":"https:\/\/api.w.org\/{rel}","templated":true}]}}