{"id":148,"date":"2015-05-28T17:49:50","date_gmt":"2015-05-28T17:49:50","guid":{"rendered":"http:\/\/mtfinans.com\/tr\/?page_id=148"},"modified":"2015-05-28T18:25:19","modified_gmt":"2015-05-28T18:25:19","slug":"turizm-yatirim-belgesi","status":"publish","type":"page","link":"https:\/\/mtfinans.com\/tr\/turizm-yatirim-belgesi\/","title":{"rendered":"Turizm Yat\u0131r\u0131m Belgesi"},"content":{"rendered":"<p><strong>TUR\u0130ZM YATIRIMI BELGES\u0130 <\/strong><br \/>\n21.06.2005 tarih ve 25852 say\u0131l\u0131 Resmi Gazete\u2019de yay\u0131mlanarak y\u00fcr\u00fcrl\u00fc\u011fe giren Turizm Tesislerinin Belgelendirilmesine ve Niteliklerine \u0130li\u015fkin Y\u00f6netmeli\u011fe g\u00f6re Turizm Yat\u0131r\u0131m\u0131 Belgesi Bakanl\u0131k\u00e7a turizm tesislerine yat\u0131r\u0131m a\u015famas\u0131nda verilen belgeyi ifade eder. TUR\u0130ZM YATIRIMI BELGES\u0130 BA\u015eVURUSU<br \/>\n\u0130lgili y\u00f6netmelik\u00e7e istenen belgelerle birlikte bakanl\u0131\u011fa ba\u015fvurulmas\u0131 halinde Ba\u015fvurular, ba\u015fvuru belgelerinin Bakanl\u0131\u011fa eksiksiz olarak tesliminden itibaren altm\u0131\u015f g\u00fcn i\u00e7inde sonu\u00e7land\u0131r\u0131l\u0131r.<\/p>\n<p><strong>GEREKL\u0130 BELGELER T\u00dcZEL K\u0130\u015e\u0130LER \u0130\u00c7\u0130N <\/strong><br \/>\n&#8211; Dilek\u00e7e(Ek-1)<br \/>\n-Tesis Tan\u0131t\u0131m Raporu(Ek-2)<br \/>\n-\u0130mza Sirk\u00fcleri<\/p>\n<p><strong>GER\u00c7EK K\u0130\u015e\u0130LER \u0130\u00c7\u0130N <\/strong><br \/>\n-Dilek\u00e7e (Ek-1)<br \/>\n-Tesis Tan\u0131t\u0131m Raporu(Ek-2)<br \/>\n-\u0130mza Beyannamesi<\/p>\n<p><strong>BA\u015eVURUNUN N\u0130TEL\u0130\u011e\u0130NE G\u00d6RE GEREKL\u0130 BELGELER<\/strong><br \/>\n\u0130\u015flemler vekaleten y\u00fcr\u00fct\u00fcl\u00fcyor ise vekaletname ve vekalet verilen ki\u015finin \u0130mza Beyannamesi -\u0130sim tescili yap\u0131lm\u0131\u015f ise tescile ili\u015fkin belge -Tesis tescilli k\u00fclt\u00fcr varl\u0131\u011f\u0131nda kurulacaksa buna ili\u015fkin belge -Yat\u0131r\u0131m\u0131n kamu ta\u015f\u0131nmaz\u0131 \u00fczerinde yer almas\u0131 h\u00e2linde ilgili kurumun t\u00fcr, s\u0131n\u0131f ve kapasite konular\u0131nda uygunluk yaz\u0131s\u0131 -Termal Tesis Ba\u015fvurular\u0131nda \u0130l Sa\u011fl\u0131k M\u00fcd\u00fcrl\u00fc\u011f\u00fcnden al\u0131nacak \u201cTermal Tesis \u0130zin Belgesi\u201d -\u00d6zel Tesis i\u00e7in Ba\u015fvuruluyorsa yat\u0131r\u0131m\u0131n tamamlanm\u0131\u015f halini yans\u0131tan g\u00f6rsel dok\u00fcman(\u00d6zel tesis ba\u015fvurular\u0131nda, haz\u0131rlanmas\u0131 gereken CD lerin; t\u00fcm mahalleri i\u00e7erecek \u015fekilde, gece ve g\u00fcnd\u00fcz \u00e7ekimlerini i\u00e7ermesi, \u00e7ekimlerin 5-7 dakika aras\u0131nda ve AVI uzant\u0131l\u0131 olmas\u0131na \u00f6zen g\u00f6sterilir. Y\u00f6netmeli\u011fin 42 nci maddesi kapsam\u0131nda de\u011ferlendirilebilmesi i\u00e7in tesisin \u00f6zelli\u011fine ili\u015fkin detayl\u0131 bilgi ve belge sunulur.) <\/p>\n","protected":false},"excerpt":{"rendered":"<p>TUR\u0130ZM YATIRIMI BELGES\u0130 21.06.2005 tarih ve 25852 say\u0131l\u0131 Resmi Gazete\u2019de yay\u0131mlanarak y\u00fcr\u00fcrl\u00fc\u011fe giren Turizm Tesislerinin Belgelendirilmesine ve Niteliklerine \u0130li\u015fkin Y\u00f6netmeli\u011fe g\u00f6re Turizm Yat\u0131r\u0131m\u0131 Belgesi Bakanl\u0131k\u00e7a turizm tesislerine yat\u0131r\u0131m a\u015famas\u0131nda verilen belgeyi ifade eder. TUR\u0130ZM YATIRIMI BELGES\u0130 BA\u015eVURUSU \u0130lgili y\u00f6netmelik\u00e7e istenen<\/p>\n","protected":false},"author":1,"featured_media":0,"parent":0,"menu_order":0,"comment_status":"closed","ping_status":"closed","template":"","meta":{"footnotes":""},"class_list":["post-148","page","type-page","status-publish","hentry"],"_links":{"self":[{"href":"https:\/\/mtfinans.com\/tr\/wp-json\/wp\/v2\/pages\/148","targetHints":{"allow":["GET"]}}],"collection":[{"href":"https:\/\/mtfinans.com\/tr\/wp-json\/wp\/v2\/pages"}],"about":[{"href":"https:\/\/mtfinans.com\/tr\/wp-json\/wp\/v2\/types\/page"}],"author":[{"embeddable":true,"href":"https:\/\/mtfinans.com\/tr\/wp-json\/wp\/v2\/users\/1"}],"replies":[{"embeddable":true,"href":"https:\/\/mtfinans.com\/tr\/wp-json\/wp\/v2\/comments?post=148"}],"version-history":[{"count":1,"href":"https:\/\/mtfinans.com\/tr\/wp-json\/wp\/v2\/pages\/148\/revisions"}],"predecessor-version":[{"id":149,"href":"https:\/\/mtfinans.com\/tr\/wp-json\/wp\/v2\/pages\/148\/revisions\/149"}],"wp:attachment":[{"href":"https:\/\/mtfinans.com\/tr\/wp-json\/wp\/v2\/media?parent=148"}],"curies":[{"name":"wp","href":"https:\/\/api.w.org\/{rel}","templated":true}]}}