{"id":168,"date":"2016-01-20T12:44:08","date_gmt":"2016-01-20T12:44:08","guid":{"rendered":"http:\/\/mtfinans.com\/tr\/?page_id=168"},"modified":"2026-01-06T13:19:47","modified_gmt":"2026-01-06T13:19:47","slug":"firma-profili-2","status":"publish","type":"page","link":"https:\/\/mtfinans.com\/tr\/firma-profili-2\/","title":{"rendered":"Firma Profili"},"content":{"rendered":"<p style=\"color: #010101;\">15 y\u0131ll\u0131k bankac\u0131l\u0131k tecr\u00fcbemizle 12 y\u0131ld\u0131r kurumsal olarak  size Finansal \u00a0her t\u00fcrl\u00fc hizmeti \u00a0en iyi \u015fekilde sunmak i\u00e7in yan\u0131n\u0131zday\u0131z.<\/p>\n<p style=\"color: #010101;\">\u015eirketimiz sahip oldu\u011fu deneyimli, gen\u00e7 ve dinamik kadrosuyla g\u00fcn\u00fcm\u00fcz piyasa ko\u015fullar\u0131nda hizmet kalitesinden \u00f6d\u00fcn vermeden, m\u00fc\u015fteri memnuniyetini her \u015feyden \u00fcst\u00fcn tutarak, her sekt\u00f6rlerden kaliteli m\u00fc\u015fteri yap\u0131s\u0131n\u0131 s\u00fcrekli g\u00fc\u00e7lendirerek i\u015f ortaklar\u0131m\u0131za ihtiya\u00e7 duyduklar\u0131 en uygun Finansal ve Dan\u0131\u015fmanl\u0131k \u00e7\u00f6z\u00fcmleri \u00fcretmeyi hedeflemi\u015ftir.<\/p>\n<p style=\"color: #010101;\">Pazarlama departman\u0131m\u0131z, aktif pazarlama kanallar\u0131n\u0131n etkin kullan\u0131m\u0131 ile \u00dclkemizin \u00e7e\u015fitli sekt\u00f6rlerinde Kredili ve vadeli sat\u0131\u015f yaparak faaliyet g\u00f6steren her b\u00fcy\u00fckl\u00fckteki potansiyel m\u00fc\u015fterilerine ula\u015fmaktad\u0131r. Yine Bireysel , KOB\u0130 Yat\u0131r\u0131m, te\u015fvik, hibe proje olarak ihtiya\u00e7 duyulan her t\u00fcrl\u00fc Kredi tahsisiniz i\u00e7in \u00a0Finans Kurumlar\u0131ndan size en uygun olan\u0131 size sunmaktad\u0131r.<\/p>\n<p style=\"color: #010101;\">M\u00fc\u015fterilerimizle olan \u00e7al\u0131\u015fmalar\u0131m\u0131z\u0131n uzun y\u0131llara dayanan istikrarl\u0131 ili\u015fkilerle g\u00fc\u00e7lendi\u011fi adil, g\u00fcvenilir ve \u015feffaf anlay\u0131\u015ftan ge\u00e7ti\u011fi bilincindeyiz. Bu anlay\u0131\u015fla sizlere hizmet sunmaktan mutluluk duyar\u0131z.<\/p>\n","protected":false},"excerpt":{"rendered":"<p>15 y\u0131ll\u0131k bankac\u0131l\u0131k tecr\u00fcbemizle 12 y\u0131ld\u0131r kurumsal olarak size Finansal \u00a0her t\u00fcrl\u00fc hizmeti \u00a0en iyi \u015fekilde sunmak i\u00e7in yan\u0131n\u0131zday\u0131z. \u015eirketimiz sahip oldu\u011fu deneyimli, gen\u00e7 ve dinamik kadrosuyla g\u00fcn\u00fcm\u00fcz piyasa ko\u015fullar\u0131nda hizmet kalitesinden \u00f6d\u00fcn vermeden, m\u00fc\u015fteri memnuniyetini her \u015feyden \u00fcst\u00fcn tutarak,<\/p>\n","protected":false},"author":1,"featured_media":0,"parent":0,"menu_order":0,"comment_status":"closed","ping_status":"closed","template":"","meta":{"footnotes":""},"class_list":["post-168","page","type-page","status-publish","hentry"],"_links":{"self":[{"href":"https:\/\/mtfinans.com\/tr\/wp-json\/wp\/v2\/pages\/168","targetHints":{"allow":["GET"]}}],"collection":[{"href":"https:\/\/mtfinans.com\/tr\/wp-json\/wp\/v2\/pages"}],"about":[{"href":"https:\/\/mtfinans.com\/tr\/wp-json\/wp\/v2\/types\/page"}],"author":[{"embeddable":true,"href":"https:\/\/mtfinans.com\/tr\/wp-json\/wp\/v2\/users\/1"}],"replies":[{"embeddable":true,"href":"https:\/\/mtfinans.com\/tr\/wp-json\/wp\/v2\/comments?post=168"}],"version-history":[{"count":3,"href":"https:\/\/mtfinans.com\/tr\/wp-json\/wp\/v2\/pages\/168\/revisions"}],"predecessor-version":[{"id":360,"href":"https:\/\/mtfinans.com\/tr\/wp-json\/wp\/v2\/pages\/168\/revisions\/360"}],"wp:attachment":[{"href":"https:\/\/mtfinans.com\/tr\/wp-json\/wp\/v2\/media?parent=168"}],"curies":[{"name":"wp","href":"https:\/\/api.w.org\/{rel}","templated":true}]}}