{"id":51,"date":"2014-07-07T11:19:51","date_gmt":"2014-07-07T11:19:51","guid":{"rendered":"http:\/\/mtfinans.com\/tr\/?page_id=51"},"modified":"2023-09-18T16:23:21","modified_gmt":"2023-09-18T16:23:21","slug":"ana-sayfa","status":"publish","type":"page","link":"https:\/\/mtfinans.com\/tr\/","title":{"rendered":"MT FINANSAL DANI\u015eMANLIK"},"content":{"rendered":"<p><img decoding=\"async\" class=\"alignnone size-full wp-image-72\" src=\"http:\/\/mtfinans.com\/tr\/wp-content\/uploads\/2014\/07\/banner.jpg\" alt=\"markatescil\" width=\"1100\" \/><\/p>\n<div class=\"su-row\">\n<div class=\"su-column su-column-size-1-3\"><div class=\"su-column-inner su-u-clearfix su-u-trim\"><a title=\"Leasing Hizmetleri\" href=\"http:\/\/mtfinans.com\/tr\/?page_id=104\"><img decoding=\"async\" class=\"alignnone size-medium wp-image-63\" src=\"http:\/\/mtfinans.com\/tr\/wp-content\/uploads\/2014\/07\/leasing.jpg\" alt=\"Bright Idea\" width=\"330\" \/><\/a><\/p>\n<p>Leasing bir banka kredisi, faktoring ya da mortgage gibi bir finansman y\u00f6ntemidir. Leasing\u2019in di\u011fer kredilerden fark\u0131 ise sadece yat\u0131r\u0131m yapan \u015firketlerin leasing yapabilmesidir.<\/div><\/div>\n<div class=\"su-column su-column-size-1-3\"><div class=\"su-column-inner su-u-clearfix su-u-trim\"><a title=\"Ipard\" href=\"http:\/\/mtfinans.com\/tr\/?page_id=96\"><img decoding=\"async\" class=\"alignnone size-medium wp-image-63\" src=\"http:\/\/mtfinans.com\/tr\/wp-content\/uploads\/2014\/07\/ipard.jpg\" alt=\"Bright Idea\" width=\"330\" \/><\/a><\/p>\n<p>IPARD, Avrupa Birli\u011fi\u2019nin (AB), 2007-2013 y\u0131llar\u0131 aras\u0131nda uygulayaca\u011f\u0131 Kat\u0131l\u0131m \u00d6ncesi Mali Yard\u0131m Arac\u0131\u2019n\u0131n (IPA) k\u0131rsal kalk\u0131nma bile\u015fenidir. IPARD Program\u0131 kapsam\u0131nda belirlenen..<\/div><\/div>\n<div class=\"su-column su-column-size-1-3\"><div class=\"su-column-inner su-u-clearfix su-u-trim\"><a title=\"K\u0131rsal Kalk\u0131nma\" href=\"http:\/\/mtfinans.com\/tr\/?page_id=92\"><img decoding=\"async\" class=\"alignnone size-medium wp-image-63\" src=\"http:\/\/mtfinans.com\/tr\/wp-content\/uploads\/2014\/07\/kirsal.jpg\" alt=\"Bright Idea\" width=\"330\" \/><\/a><\/p>\n<p>G\u0131da, Tar\u0131m ve Hayvanc\u0131l\u0131k Bakanl\u0131\u011f\u0131\u2019 n\u0131n, tar\u0131m \u00fcreticilerinin kalk\u0131nma yat\u0131r\u0131mlar\u0131 i\u00e7in k\u0131rsal alanlarda \u015firket, kooperatif ve benzeri kurumlar arac\u0131l\u0131\u011f\u0131yla haz\u0131rlayacaklar\u0131 &#8230;<\/div><\/div>\n<\/div>\n<div class=\"su-row\">\n<div class=\"su-column su-column-size-1-3\"><div class=\"su-column-inner su-u-clearfix su-u-trim\"><a title=\"Konut Kredileri\" href=\"http:\/\/mtfinans.com\/tr\/?page_id=107\"><img loading=\"lazy\" decoding=\"async\" class=\"alignnone wp-image-63 size-medium\" src=\"http:\/\/mtfinans.com\/tr\/wp-content\/uploads\/2014\/07\/finans-300x198.jpg\" alt=\"Bright Idea\" width=\"300\" height=\"198\" srcset=\"https:\/\/mtfinans.com\/tr\/wp-content\/uploads\/2014\/07\/finans-300x198.jpg 300w, https:\/\/mtfinans.com\/tr\/wp-content\/uploads\/2014\/07\/finans.jpg 420w\" sizes=\"auto, (max-width: 300px) 100vw, 300px\" \/><\/a><\/p>\n<p>Mortgage, \u0130potekli Konut Kredisi ya da Tutulu Sat\u0131\u015f Kredisi olarak da bilinir. Mortgage ta\u015f\u0131nmaz mal\u0131n ipotek al\u0131nmas\u0131 \u015fart\u0131yla verilen bir t\u00fcketici kredisidir.<\/div><\/div>\n<div class=\"su-column su-column-size-1-3\"><div class=\"su-column-inner su-u-clearfix su-u-trim\"><a title=\"Yat\u0131r\u0131m Te\u015fvik\" href=\"http:\/\/mtfinans.com\/tr\/?page_id=94\"><img decoding=\"async\" class=\"alignnone size-medium wp-image-63\" src=\"http:\/\/mtfinans.com\/tr\/wp-content\/uploads\/2014\/07\/yatirim.jpg\" alt=\"Bright Idea\" width=\"330\" \/><\/a><\/p>\n<p>\u00dclkede sermaye birikiminin yat\u0131r\u0131ma y\u00f6nlendirmesi, yeni teknoloji kullan\u0131m oran\u0131n\u0131n art\u0131r\u0131lmas\u0131, \u00fcretimde y\u00fcksek katma de\u011fer yaratmak, b\u00f6lgeler aras\u0131 geli\u015fmi\u015flik&#8230;<\/div><\/div>\n<div class=\"su-column su-column-size-1-3\"><div class=\"su-column-inner su-u-clearfix su-u-trim\"><a title=\"Gerekli Belgeler\" href=\"http:\/\/mtfinans.com\/tr\/?page_id=82\"><img decoding=\"async\" class=\"alignnone size-medium wp-image-63\" src=\"http:\/\/mtfinans.com\/tr\/wp-content\/uploads\/2014\/07\/gerekli.jpg\" alt=\"Bright Idea\" width=\"330\" \/><\/a><\/p>\n<p>Kredi, Hibe ve Te\u015fvikler i\u00e7in gereken t\u00fcm evraklar ve yap\u0131lmas\u0131 gerekenlere bu sayfadan ula\u015fabilirsiniz.<\/div><\/div>\n<\/div>\n<p><img decoding=\"async\" class=\"alignnone size-full wp-image-72\" src=\"http:\/\/mtfinans.com\/tr\/wp-content\/uploads\/2014\/07\/310720123F51FP.jpg\" alt=\"markatescil\" width=\"1100\" srcset=\"https:\/\/mtfinans.com\/tr\/wp-content\/uploads\/2014\/07\/310720123F51FP.jpg 862w, https:\/\/mtfinans.com\/tr\/wp-content\/uploads\/2014\/07\/310720123F51FP-300x72.jpg 300w\" sizes=\"(max-width: 862px) 100vw, 862px\" \/><\/p>\n<div class=\"su-row\">\n<div class=\"su-column su-column-size-1-3\"><div class=\"su-column-inner su-u-clearfix su-u-trim\"><a title=\"Finansal Hizmetler\" href=\"http:\/\/mtfinans.com\/tr\/?page_id=80\"><img decoding=\"async\" class=\"alignnone size-medium wp-image-63\" src=\"http:\/\/mtfinans.com\/tr\/wp-content\/uploads\/2014\/07\/finans.jpg\" alt=\"Bright Idea\" width=\"330\" srcset=\"https:\/\/mtfinans.com\/tr\/wp-content\/uploads\/2014\/07\/finans.jpg 420w, https:\/\/mtfinans.com\/tr\/wp-content\/uploads\/2014\/07\/finans-300x198.jpg 300w\" sizes=\"(max-width: 420px) 100vw, 420px\" \/><\/a><br \/>\nFinansal Destek, Yurti\u00e7i ve Yurt d\u0131\u015f\u0131 kredi deste\u011fi, finansal dan\u0131\u015fmanl\u0131k hizmetleri, Mt Finans Bankac\u0131l\u0131k k\u00f6kenli ge\u00e7mi\u015fi ile size ideal \u00e7\u00f6z\u00fcm orta\u011f\u0131 oluyor.<\/div><\/div>\n<div class=\"su-column su-column-size-1-3\"><div class=\"su-column-inner su-u-clearfix su-u-trim\"><a title=\"Marka Tescili\" href=\"http:\/\/mtfinans.com\/tr\/?page_id=54\"><img decoding=\"async\" class=\"alignnone size-medium wp-image-63\" src=\"http:\/\/mtfinans.com\/tr\/wp-content\/uploads\/2014\/07\/marka.jpg\" alt=\"Bright Idea\" width=\"330\" \/><\/a><br \/>\nMarkan\u0131z\u0131n tescili, bilinirli\u011fi ve g\u00fcvenlirli\u011fini sa\u011flamak i\u00e7in yap\u0131lan marka tescili art\u0131k MT finans g\u00fcvencesinde h\u0131zl\u0131 ve etkili.<\/div><\/div>\n<div class=\"su-column su-column-size-1-3\"><div class=\"su-column-inner su-u-clearfix su-u-trim\"><a title=\"Paten Tescili\" href=\"http:\/\/mtfinans.com\/tr\/?page_id=58\"><img decoding=\"async\" class=\"alignnone size-medium wp-image-63\" src=\"http:\/\/mtfinans.com\/tr\/wp-content\/uploads\/2014\/07\/patend.jpg\" alt=\"Bright Idea\" width=\"330&quot;\" \/><\/a><br \/>\n\u0130ster Fikir ister yeni bir \u00fcr\u00fcn olsun patent tescili ile g\u00fcvenceye alabilir ve karl\u0131 bir ticarete d\u00f6n\u00fc\u015ft\u00fcrebilirsiniz. MT finans sizin i\u00e7in t\u00fcm bu hizmetleri vermeye devam ediyor.<\/div><\/div>\n<\/div>\n<p><a title=\"Turizm i\u015fletme belgesi\" href=\"http:\/\/mtfinans.com\/tr\/?page_id=144\"><img decoding=\"async\" class=\"alignnone size-full wp-image-72\" src=\"http:\/\/mtfinans.com\/tr\/wp-content\/uploads\/2015\/05\/turizm.jpg\" alt=\"markatescil\" width=\"1100\" \/><\/a><\/p>\n","protected":false},"excerpt":{"rendered":"","protected":false},"author":1,"featured_media":0,"parent":0,"menu_order":0,"comment_status":"closed","ping_status":"closed","template":"","meta":{"footnotes":""},"class_list":["post-51","page","type-page","status-publish","hentry"],"_links":{"self":[{"href":"https:\/\/mtfinans.com\/tr\/wp-json\/wp\/v2\/pages\/51","targetHints":{"allow":["GET"]}}],"collection":[{"href":"https:\/\/mtfinans.com\/tr\/wp-json\/wp\/v2\/pages"}],"about":[{"href":"https:\/\/mtfinans.com\/tr\/wp-json\/wp\/v2\/types\/page"}],"author":[{"embeddable":true,"href":"https:\/\/mtfinans.com\/tr\/wp-json\/wp\/v2\/users\/1"}],"replies":[{"embeddable":true,"href":"https:\/\/mtfinans.com\/tr\/wp-json\/wp\/v2\/comments?post=51"}],"version-history":[{"count":20,"href":"https:\/\/mtfinans.com\/tr\/wp-json\/wp\/v2\/pages\/51\/revisions"}],"predecessor-version":[{"id":291,"href":"https:\/\/mtfinans.com\/tr\/wp-json\/wp\/v2\/pages\/51\/revisions\/291"}],"wp:attachment":[{"href":"https:\/\/mtfinans.com\/tr\/wp-json\/wp\/v2\/media?parent=51"}],"curies":[{"name":"wp","href":"https:\/\/api.w.org\/{rel}","templated":true}]}}