{"id":54,"date":"2014-07-07T12:03:25","date_gmt":"2014-07-07T12:03:25","guid":{"rendered":"http:\/\/mtfinans.com\/tr\/?page_id=54"},"modified":"2014-07-07T13:20:52","modified_gmt":"2014-07-07T13:20:52","slug":"marka-tescili","status":"publish","type":"page","link":"https:\/\/mtfinans.com\/tr\/marka-tescili\/","title":{"rendered":"Marka Tescili"},"content":{"rendered":"<p>Marka Tescil veya Marka Tescili i\u015flemi i\u00e7in halk aras\u0131nda \u00e7ok de\u011fi\u015fik ifadeler kullan\u0131lmaktad\u0131r. Bunlardan baz\u0131lar\u0131 Marka Patentleme, Patent Tescili, Patent Hakk\u0131 Alma, \u0130sim Patentleme, \u00dcr\u00fcn Patentleme, \u0130sim Hakk\u0131 Marka Tescili, \u0130sim Tescili, Logo Marka Tescili, kullan\u0131lan ifadeler ba\u015fl\u0131ca \u00f6rneklerdir. Daha do\u011fru ifade etmek gerekirse marka tescili denildi\u011finde akla gelen ilk d\u00fc\u015f\u00fcnce patent tescili olarak bilinmesidir.Marka Tescili<\/p>\n<p>T\u00fcrkiye\u2019de T\u00fcrk Patent Enstit\u00fcs\u00fc \u2018ne yap\u0131lacak marka tescil ba\u015fvuru i\u015flemleri yakla\u015f\u0131k 8 ile 12 ay aras\u0131 s\u00fcrmektedir. Uluslararas\u0131 (Yurtd\u0131\u015f\u0131) Marka Tescil \u0130\u015flemleri ise daha uzun s\u00fcreler alabilmektedir.<\/p>\n<p>Marka Tescil Belgesinin maliyeti tescil edildikten sonraki tarih a\u015famas\u0131ndaki T\u00fcrk Patent Enstit\u00fcs\u00fc\u2019 n\u00fcn belirledi\u011fi \u00fccrete g\u00f6re de\u011fi\u015fiklik g\u00f6sterebilmektedir.<\/p>\n<p>Marka tescili nas\u0131l yap\u0131l\u0131r diye d\u00fc\u015f\u00fcnd\u00fc\u011f\u00fcm\u00fczde T\u00fcrkiye Cumhuriyeti s\u0131n\u0131rlar\u0131 i\u00e7inde ikametgah\u0131 olan veya s\u0131nai veya ticari u\u011fra\u015f\u0131da bulunan ger\u00e7ek veya t\u00fczel ki\u015filerce veya Paris s\u00f6zle\u015fmesi yahut D\u00fcnya Ticaret \u00d6rg\u00fct\u00fc Kurulu\u015f Anla\u015fmas\u0131 h\u00fck\u00fcmleri dahilinde ba\u015fvuru hakk\u0131na sahip ki\u015filerce marka isim koruma hakk\u0131 istenebilir. Ticari faaliyeti olmasa dahi, \u015fah\u0131s ad\u0131na marka tescili yap\u0131lmas\u0131nda kanunen bir sak\u0131nca yoktur.<\/p>\n<p>\u0130lginizi \u00c7ekebilecek Di\u011fer Marka Tescil Ba\u015fl\u0131klar\u0131 : Marka Ba\u015fvurusu<\/p>\n<p><strong>Dan\u0131\u015fman\u0131m\u0131zdan Detayl\u0131 Bilgi Almak \u0130\u00e7in:<\/strong><\/p>\n<p><strong>Marka Tescili Faydalar\u0131 ;<\/strong><\/p>\n<p>Tescilli marka haks\u0131z rekabet durumuna kar\u015f\u0131 en iyi yapt\u0131r\u0131m g\u00fcc\u00fcne sahiptir. Tescilli markan\u0131n yapt\u0131r\u0131mlar\u0131;<\/p>\n<p>\u2022 Hapis Cezas\u0131 ,<br \/>\n\u2022 Maddi Para Cezas\u0131,<br \/>\n\u2022 Mallar\u0131n toplat\u0131lmas\u0131 ve imhas\u0131.<br \/>\n\u2022 \u00dcretim makinelerine el konulmas\u0131,<br \/>\n\u2022 \u0130\u015fyerinin kapat\u0131lmas\u0131 ve ticaretten men,<\/p>\n<p><strong>Marka Tescili Zorunlulu\u011fu ;<\/strong><\/p>\n<p>Yeni T\u00fcrk Ticaret Kanuna g\u00f6re her \u015firketin web sayfas\u0131 olma zorunlulu\u011fu getirilmi\u015ftir. T\u00fcrkiye\u2019den com.tr gibi \u0130nternet Alan Ad\u0131 tescili i\u00e7in Ankara\u2019da bulunan Orta Do\u011fu Teknik \u00dcniversitesi (ODTU) yetkilidir. com.tr isim tescili i\u00e7in tescil edilecek alan ad\u0131n\u0131n kullan\u0131ld\u0131\u011f\u0131n\u0131 g\u00f6sterir, belge zorunlulu\u011fu vard\u0131r. Bu belgeler Ticaret \u00fcnvan\u0131n\u0131 g\u00f6sterir Ticaret Sicil Gazetesi, Marka Tescil Belgesi markan\u0131n art\u0131k 10 y\u0131l boyunca sizin ticari olarak kullanman\u0131z\u0131 sa\u011flayan belgedir.<\/p>\n<p>Bir\u00e7ok devlet kurumunda yasal prosed\u00fcr olarak marka tescil belgesi istenmektedir. T\u00fcrk Standartlar\u0131 Enstit\u00fcs\u00fc TSE Belgesi , KOSGEB Tan\u0131t\u0131m Deste\u011fi , G\u0131da Tar\u0131m ve Hayvanc\u0131l\u0131k Bakanl\u0131\u011f\u0131 G\u0131da \u0130zin Belgesi ba\u015fl\u0131ca \u00f6rneklerdir. Piyasa ko\u015fullar\u0131 incelendi\u011finde firma ihalelerinde ve yurtd\u0131\u015f\u0131 fason \u00fcretim s\u00f6zle\u015fmelerinde Marka Tescili Belgesi talep edildi\u011fi g\u00f6r\u00fclmektedir.<\/p>\n<p>\u0130sim hakk\u0131n\u0131z\u0131 korumak marka tescili yapt\u0131rmak ile m\u00fcmk\u00fcnd\u00fcr. Marka \u0130\u015fletmenin b\u00fcy\u00fck \u00e7abalar sonucu b\u00fcy\u00fck maliyetlerle elde etti\u011fi bir varl\u0131\u011f\u0131d\u0131r. Dolay\u0131s\u0131 ile i\u015fletmenin b\u00fct\u00fcn \u00f6nemli varl\u0131klar\u0131 gibi korunmas\u0131 gerekmektedir.<\/p>\n<p>Marka tescili ba\u015fvuru i\u015fleminde saat , dakika hatta saniye\u2019 nin \u00f6nemi \u00e7ok b\u00fcy\u00fckt\u00fcr. Sizin Marka Ba\u015fvuru i\u015fleminden sonra yap\u0131lacak markalar i\u00e7in di\u011fer marka tescil hakk\u0131n\u0131 b\u00fcy\u00fck \u00f6l\u00e7\u00fcde engellemi\u015f oluyorsunuz. Hak sahibi olabilmeniz, i\u00e7in \u00f6nce ba\u015fvuru yapman\u0131z gerekmektedir. Kulland\u0131\u011f\u0131n\u0131z bir marka varsa vakit kaybetmeden marka tescil i\u015flemlerini ba\u015flatman\u0131z yoksa tescil edilmemi\u015f markay\u0131 f\u0131rsat bilen bir \u00e7ok firma ayn\u0131 sekt\u00f6rde rakibiniz olabilir.<\/p>\n<p>Marka Tescil Kanunu ; Markalar 556. Say\u0131l\u0131 Kanun H\u00fckm\u00fcnde Kararname \u00e7er\u00e7evesinde korunmaktad\u0131r. 556. Say\u0131l\u0131 KHK n\u0131n kanunla\u015fmas\u0131 i\u00e7in kanun tasar\u0131s\u0131 T\u00fcrk Patent Enstit\u00fcs\u00fc taraf\u0131ndan haz\u0131rlanmaktad\u0131r.<\/p>\n<p>Marka, bir te\u015febb\u00fcs taraf\u0131ndan sunulan mal veya hizmetlerin di\u011fer te\u015febb\u00fcslerinkinden ay\u0131rt edilebilmesini sa\u011flayan i\u015faretlerdir. Mallar\u0131 ya da hizmetleri ay\u0131rmak i\u00e7in Marka Tescili<br \/>\nkullan\u0131lan ay\u0131rt edici kelimeler, harfler, rakamlar, \u00e7izimler, resimler, \u015fekiller, renkler, logolar, etiketler ve ya bunlar\u0131n kombinasyonlar\u0131 olarak marka tescil edilebilir.<\/p>\n<p><strong>Marka Tescili Marka Sahibine Sa\u011flad\u0131\u011f\u0131 Haklar Nelerdir?<\/strong><\/p>\n<p>Marka tescili, sahibine, markay\u0131 tek ba\u015f\u0131na kullanma hakk\u0131 ve izinsiz kullan\u0131lmas\u0131n\u0131 \u00f6nleme yetkisi verir. Marka tescili kapsam\u0131na giren ayn\u0131 ve ya benzer mal ve ya hizmetlerle ilgili olarak kar\u0131\u015ft\u0131r\u0131lma ihtimali olan, tescilli markan\u0131n itibar\u0131ndan dolay\u0131 haks\u0131z avantaj elde edecek ve ya tescilli markan\u0131n ay\u0131rt edici karakterine zarar verecek nitelikteki herhangi bir i\u015faretin izinsiz kullan\u0131m\u0131n\u0131 \u00f6nleme hakk\u0131 verir. Marka tescili ba\u015fkas\u0131na devir edilebilir, miras yolu ile intikal edilebilir, kullanmak hakk\u0131 lisans konusu olabilir, rehin verilebilir ve ya teminat olarak g\u00f6sterilebilir. Tescilli olmayan markalar, markalar\u0131n tescili ve korunmas\u0131 hakk\u0131nda yasalarla getirilen haklardan ve korumadan yararlanamazlar.<\/p>\n<p><strong>Marka Tescili \u00dczerinde Kullan\u0131lan \u0130\u015faretler Ne Anlama Gelir?<\/strong><\/p>\n<p>Bir markan\u0131n yan\u0131nda \u00ae, \u2122, SM ve ya benzer sembollerin kullan\u0131m\u0131 bir zorunluluk de\u011fildir ve ek bir yasal konuma sa\u011flamaz. Bununla birlikte bu t\u00fcr kullan\u0131mlar, s\u00f6z konusu i\u015faretin bir marka oldu\u011fu konusunda ba\u015fkalar\u0131n\u0131 bilgilendirmenin, dolay\u0131s\u0131yla ihlalcileri ve taklit\u00e7ileri uyarman\u0131n uygun bir yolu olabilir. \u2122 sembol\u00fc bir i\u015faretin marka oldu\u011funu g\u00f6sterirken \u00ae sembol\u00fc marka tescil edildi\u011fi zaman kullan\u0131l\u0131r. Hizmet markalar\u0131 i\u00e7in ise SM sembol\u00fc kullan\u0131l\u0131r.<\/p>\n","protected":false},"excerpt":{"rendered":"<p>Marka Tescil veya Marka Tescili i\u015flemi i\u00e7in halk aras\u0131nda \u00e7ok de\u011fi\u015fik ifadeler kullan\u0131lmaktad\u0131r. Bunlardan baz\u0131lar\u0131 Marka Patentleme, Patent Tescili, Patent Hakk\u0131 Alma, \u0130sim Patentleme, \u00dcr\u00fcn Patentleme, \u0130sim Hakk\u0131 Marka Tescili, \u0130sim Tescili, Logo Marka Tescili, kullan\u0131lan ifadeler ba\u015fl\u0131ca \u00f6rneklerdir. Daha<\/p>\n","protected":false},"author":1,"featured_media":0,"parent":0,"menu_order":0,"comment_status":"closed","ping_status":"closed","template":"","meta":{"footnotes":""},"class_list":["post-54","page","type-page","status-publish","hentry"],"_links":{"self":[{"href":"https:\/\/mtfinans.com\/tr\/wp-json\/wp\/v2\/pages\/54","targetHints":{"allow":["GET"]}}],"collection":[{"href":"https:\/\/mtfinans.com\/tr\/wp-json\/wp\/v2\/pages"}],"about":[{"href":"https:\/\/mtfinans.com\/tr\/wp-json\/wp\/v2\/types\/page"}],"author":[{"embeddable":true,"href":"https:\/\/mtfinans.com\/tr\/wp-json\/wp\/v2\/users\/1"}],"replies":[{"embeddable":true,"href":"https:\/\/mtfinans.com\/tr\/wp-json\/wp\/v2\/comments?post=54"}],"version-history":[{"count":2,"href":"https:\/\/mtfinans.com\/tr\/wp-json\/wp\/v2\/pages\/54\/revisions"}],"predecessor-version":[{"id":57,"href":"https:\/\/mtfinans.com\/tr\/wp-json\/wp\/v2\/pages\/54\/revisions\/57"}],"wp:attachment":[{"href":"https:\/\/mtfinans.com\/tr\/wp-json\/wp\/v2\/media?parent=54"}],"curies":[{"name":"wp","href":"https:\/\/api.w.org\/{rel}","templated":true}]}}