{"id":58,"date":"2014-07-07T13:24:45","date_gmt":"2014-07-07T13:24:45","guid":{"rendered":"http:\/\/mtfinans.com\/tr\/?page_id=58"},"modified":"2014-07-14T10:53:17","modified_gmt":"2014-07-14T10:53:17","slug":"paten-tescili","status":"publish","type":"page","link":"https:\/\/mtfinans.com\/tr\/paten-tescili\/","title":{"rendered":"Patent Tescili"},"content":{"rendered":"<p>Patent tescili dedi\u011fimizde bulu\u015f yapan ki\u015fi veya ki\u015filer ad\u0131na verilecek kullan\u0131m ve sat\u0131\u015f hakk\u0131n\u0131n, T\u00fcrk Patent Enstit\u00fcs\u00fc sicile kay\u0131t edilerek korunmas\u0131d\u0131r.<\/p>\n<p>Patent Tescil Belgesi nereden al\u0131n\u0131r denildi\u011finde ise T\u00fcrkiye\u2019de tek yetkili kurum olan ve Ankara\u2019da bulunan Bilim Teknoloji ve Sanayi Bakanl\u0131\u011f\u0131na ba\u011fl\u0131 (TPE) T\u00fcrk Patent Enstit\u00fcs\u00fcn\u2019den al\u0131n\u0131r.<\/p>\n<p>Patent Tescili ba\u015fvuru i\u015flemlerinin dan\u0131\u015fmanl\u0131\u011f\u0131 T\u00fcrk Patent Enstit\u00fcs\u00fc\u2019ne ba\u011fl\u0131 resmi patent vekilleri taraf\u0131ndan yap\u0131lmaktad\u0131r.<\/p>\n<p>Patent tescili i\u00e7in ger\u00e7ek ya da t\u00fczel ki\u015filer birden \u00e7ok patent tescil ba\u015fvurusunda bulunabilirler.<\/p>\n<p>T\u00fcrk Patent Enstit\u00fcs\u00fc \u00c7evrimi\u00e7i \u0130\u015flemler linkine t\u0131kl\u0131yarak ula\u015fabilirsiniz..<\/p>\n<p><strong>Patent Nedir ?<\/strong><\/p>\n<p>Patent, bulu\u015fu yapan ki\u015finin bulu\u015f konusu \u00fcr\u00fcn\u00fc \u00fcretmek, kullanmak ve satmak i\u00e7in verilen tekel hakk\u0131d\u0131r. Bu hakk\u0131 g\u00f6steren belgeye de Patent tescil belgesi olarak tan\u0131mlayabiliriz.<\/p>\n<p>Bir bulu\u015f i\u00e7in bulu\u015f sahibine devlet taraf\u0131ndan verilen bir patent, Bulu\u015f sahibinin izni olmadan ba\u015fkalar\u0131n\u0131n bulu\u015fu \u00fcretmesini,kullanmas\u0131n\u0131 veya satmas\u0131n\u0131 belirli bir s\u00fcre boyunca yasaklama hakk\u0131 vermektedir.<\/p>\n<p>S\u0131na-i M\u00fclkiyet anlam\u0131nda de\u011ferlendirilirse ; Patent T\u00fcrkiye\u2019de ve d\u00fcnya\u2019da yeni olan sanayiye uygulanabilen ve tekni\u011fin bilinen durumunun a\u015f\u0131lmas\u0131 kriterine uygun olan bulu\u015flar\u0131n sahiplerine belirli bir s\u00fcre ile bu bulu\u015f konusu \u00fcr\u00fcn\u00fc \u00fcretme ve pazarlama hakk\u0131n\u0131n tan\u0131nmas\u0131d\u0131r.<\/p>\n<p>Patentler al\u0131nd\u0131klar\u0131 \u00fclkeler i\u00e7in hak sahipli\u011fi do\u011furur. T\u00fcrkiye\u2019de al\u0131nm\u0131\u015f bir patent, sadece T\u00fcrkiye i\u00e7inde hak sa\u011flamaktad\u0131r. Patentli \u00fcr\u00fcnleri ba\u015fkalar\u0131n\u0131n T\u00fcrkiye\u2019ye ithal etmesi durumunda, hak sahibine ithali durdurma hakk\u0131 verir.<\/p>\n<p>Patentli bir bulu\u015f; al\u0131n\u0131p, sat\u0131labilen, kiraya verilebilen di\u011fer mallar gibi bulu\u015f sahibinin m\u00fclkiyeti haline gelir.<\/p>\n<p><strong>Patent Ara\u015ft\u0131rma ve Sorgulamas\u0131<\/strong><\/p>\n<p>Patent ba\u015fvurusu yap\u0131lmadan \u00f6nce yurti\u00e7i ve yurtd\u0131\u015f\u0131nda ulusal ve uluslararas\u0131 patent veritabanlar\u0131nda patent ara\u015ft\u0131rmas\u0131 veya sorgulamas\u0131 gerekmektedir. Ara\u015ft\u0131rma i\u00e7in (TPE) T\u00fcrk Patent Enstit\u00fcs\u00fc\u2019n\u00fcn resmi web sitesinden veya Avrupa Patent Ofisinin (EPO) patent ara\u015ft\u0131rma veritaban\u0131ndan Patent ba\u015fvuru sorgulamas\u0131 yap\u0131labilmektedir.<\/p>\n<p>Patent ara\u015ft\u0131rma i\u015flemleri ba\u015fvuru i\u015flemleri sonras\u0131nda T\u00fcrk Patent Enstit\u00fcs\u00fc (TPE) taraf\u0131ndan yap\u0131labildi\u011fi gibi patent ara\u015ft\u0131rma \u00fccreti verilerek yurtd\u0131\u015f\u0131 patent sorgulamas\u0131 talep edilebilmektedir.<\/p>\n<p>Ba\u015fvuru yap\u0131lacak alanda belirlenen kelimeler ve sekt\u00f6rde faaliyet g\u00f6steren firmalar\u0131n belirlenmesi ile \u00fccretsiz olarak yap\u0131lmas\u0131na izin veren web sitelerinden patent sorgulama yap\u0131labilmektedir.<\/p>\n<p>T\u00fcrk Patent Enstit\u00fcs\u00fc ve bir\u00e7ok site dahil olmak \u00fczere sorgulama ve ara\u015ft\u0131rma yap\u0131labilece\u011finiz patent veri tabanlar\u0131 a\u015fa\u011f\u0131da belirtilmi\u015ftir;<\/p>\n<p style=\"color: #414141;\"><strong><a style=\"color: #416ed2;\" href=\"http:\/\/online.tpe.gov.tr\/EPATENT\/servlet\/PreSearchRequestManager\" target=\"_blank\" rel=\"nofollow\">T\u00fcrk Patent Enstit\u00fcs\u00fc<\/a><\/strong><\/p>\n<p style=\"color: #414141;\"><strong><a style=\"color: #416ed2;\" href=\"http:\/\/www.sumobrain.com\/search.html\" target=\"_blank\" rel=\"nofollow\">D\u00fcnya Genelinde Ara\u015ft\u0131rma Sitesi\u00a0(ENG)<\/a><\/strong><\/p>\n<p style=\"color: #414141;\"><strong><a style=\"color: #416ed2;\" href=\"http:\/\/twpat4.tipo.gov.tw\/tipotwoc\/tipotwekm?00083ABB80E6000000000000000000A00000001E000000000\" target=\"_blank\" rel=\"nofollow\">Tayvan Patent Ofisi<\/a><\/strong><\/p>\n<p style=\"color: #414141;\"><strong><a style=\"color: #416ed2;\" href=\"http:\/\/tr.espacenet.com\/\" target=\"_blank\" rel=\"nofollow\">ESPACENET \u2013 D\u00fcnya Genelinde Patent Ara\u015ft\u0131rmas\u0131 (TR)<\/a><\/strong><\/p>\n<p style=\"color: #414141;\"><strong><a style=\"color: #416ed2;\" href=\"http:\/\/patft.uspto.gov\/netahtml\/PTO\/search-bool.html\" target=\"_blank\" rel=\"nofollow\">Amerika Patent Ofisi<\/a><\/strong><\/p>\n<p style=\"color: #414141;\"><strong><a style=\"color: #416ed2;\" href=\"http:\/\/worldwide.espacenet.com\/advancedSearch?locale=en_EP\" target=\"_blank\" rel=\"nofollow\">ESPACENET \u2013 D\u00fcnya Genelinde Patent Ara\u015ft\u0131rma (ENG)<\/a><\/strong><\/p>\n<p style=\"color: #414141;\"><strong><a style=\"color: #416ed2;\" href=\"http:\/\/www.ipo.gov.uk\/types\/patent\/p-os\/p-find.htm\" target=\"_blank\" rel=\"nofollow\">\u0130ngiltere Patent Ofisi<\/a><\/strong><\/p>\n<p style=\"color: #414141;\"><strong><a style=\"color: #416ed2;\" href=\"http:\/\/depatisnet.dpma.de\/ipc\/recherche.do?search=&amp;ref=&amp;sd=&amp;sw=sw00&amp;sl=DE&amp;v=20120101&amp;l=DE&amp;dh=dh11&amp;vm=h\" target=\"_blank\" rel=\"nofollow\">Almanya Patent Ofisi<\/a><\/strong><\/p>\n<p style=\"color: #414141;\"><strong><a style=\"color: #416ed2;\" href=\"http:\/\/brevets-patents.ic.gc.ca\/opic-cipo\/cpd\/eng\/search\/advanced.html\" target=\"_blank\" rel=\"nofollow\">Kanada Patent Ofisi<\/a><\/strong><\/p>\n<p style=\"color: #414141;\"><strong><a style=\"color: #416ed2;\" href=\"http:\/\/patent2.kipris.or.kr\/pateng\/searchLogina.do?next=ItemSearch\" target=\"_blank\" rel=\"nofollow\">Kore Patent Ofisi<\/a><\/strong><\/p>\n<p style=\"color: #414141;\"><strong><a style=\"color: #416ed2;\" rel=\"nofollow\">Google Patent Ara\u015ft\u0131rmas\u0131<\/a><\/strong><\/p>\n<p style=\"color: #414141;\"><strong><a style=\"color: #416ed2;\" href=\"http:\/\/59.151.93.237\/sipo_EN\/search\/tabSearch.do?method=init\" target=\"_blank\" rel=\"nofollow\">\u00c7in Patent Ofisi<\/a><\/strong><\/p>\n<p style=\"color: #414141;\"><strong><a style=\"color: #416ed2;\" href=\"http:\/\/110.164.177.243\/DIPSearch\/PatentSearch\/SearchSimple.aspx\" target=\"_blank\" rel=\"nofollow\">Taylan Patent Ofisi<\/a><\/strong><\/p>\n<p style=\"color: #414141;\"><strong><a style=\"color: #416ed2;\" href=\"http:\/\/www.ilpatsearch.justice.gov.il\/UI\/AdvancedSearch.aspx\" target=\"_blank\" rel=\"nofollow\">\u0130srail Patent Ofisi<\/a><\/strong><\/p>\n<p style=\"color: #414141;\"><strong><a style=\"color: #416ed2;\" href=\"http:\/\/www.nordiskapatent.se\/\" target=\"_blank\" rel=\"nofollow\">\u0130sve\u00e7 Patent Ofisi<\/a><\/strong><\/p>\n<p style=\"color: #414141;\"><strong><a style=\"color: #416ed2;\" href=\"http:\/\/invenes.oepm.es\/InvenesWeb\/faces\/busquedaInternet.jsp;jsessionid=FGhYQDXRf2tjSvmpwRLQpQqgPWJQs7mQy0ldMHmtxJSvx1cbthsZ!-1150035897!2001189559\" target=\"_blank\" rel=\"nofollow\">\u0130spanya Patent Ofisi<\/a><\/strong><\/p>\n","protected":false},"excerpt":{"rendered":"<p>Patent tescili dedi\u011fimizde bulu\u015f yapan ki\u015fi veya ki\u015filer ad\u0131na verilecek kullan\u0131m ve sat\u0131\u015f hakk\u0131n\u0131n, T\u00fcrk Patent Enstit\u00fcs\u00fc sicile kay\u0131t edilerek korunmas\u0131d\u0131r. Patent Tescil Belgesi nereden al\u0131n\u0131r denildi\u011finde ise T\u00fcrkiye\u2019de tek yetkili kurum olan ve Ankara\u2019da bulunan Bilim Teknoloji ve Sanayi<\/p>\n","protected":false},"author":1,"featured_media":0,"parent":0,"menu_order":0,"comment_status":"closed","ping_status":"closed","template":"","meta":{"footnotes":""},"class_list":["post-58","page","type-page","status-publish","hentry"],"_links":{"self":[{"href":"https:\/\/mtfinans.com\/tr\/wp-json\/wp\/v2\/pages\/58","targetHints":{"allow":["GET"]}}],"collection":[{"href":"https:\/\/mtfinans.com\/tr\/wp-json\/wp\/v2\/pages"}],"about":[{"href":"https:\/\/mtfinans.com\/tr\/wp-json\/wp\/v2\/types\/page"}],"author":[{"embeddable":true,"href":"https:\/\/mtfinans.com\/tr\/wp-json\/wp\/v2\/users\/1"}],"replies":[{"embeddable":true,"href":"https:\/\/mtfinans.com\/tr\/wp-json\/wp\/v2\/comments?post=58"}],"version-history":[{"count":3,"href":"https:\/\/mtfinans.com\/tr\/wp-json\/wp\/v2\/pages\/58\/revisions"}],"predecessor-version":[{"id":136,"href":"https:\/\/mtfinans.com\/tr\/wp-json\/wp\/v2\/pages\/58\/revisions\/136"}],"wp:attachment":[{"href":"https:\/\/mtfinans.com\/tr\/wp-json\/wp\/v2\/media?parent=58"}],"curies":[{"name":"wp","href":"https:\/\/api.w.org\/{rel}","templated":true}]}}