{"id":80,"date":"2014-07-09T09:10:33","date_gmt":"2014-07-09T09:10:33","guid":{"rendered":"http:\/\/mtfinans.com\/tr\/?page_id=80"},"modified":"2014-07-10T10:49:11","modified_gmt":"2014-07-10T10:49:11","slug":"finansal-hizmetler","status":"publish","type":"page","link":"https:\/\/mtfinans.com\/tr\/finansal-hizmetler\/","title":{"rendered":"Finansal Hizmetler"},"content":{"rendered":"<p><img decoding=\"async\" class=\"alignnone size-full wp-image-72\" src=\"http:\/\/mtfinans.com\/tr\/wp-content\/uploads\/2014\/07\/banner.jpg\" alt=\"markatescil\" width=\"1100\" \/><\/p>\n<div class=\"su-row\">\n<div class=\"su-column su-column-size-1-3\"><div class=\"su-column-inner su-u-clearfix su-u-trim\"><a title=\"Leasing Hizmetleri\" href=\"http:\/\/mtfinans.com\/tr\/?page_id=104\"><img decoding=\"async\" class=\"alignnone size-medium wp-image-63\" src=\"http:\/\/mtfinans.com\/tr\/wp-content\/uploads\/2014\/07\/leasing.jpg\" alt=\"Bright Idea\" width=\"330\" \/><\/a><\/p>\n<p>Leasing bir banka kredisi, faktoring ya da mortgage gibi bir finansman y\u00f6ntemidir. Leasing\u2019in di\u011fer kredilerden fark\u0131 ise sadece yat\u0131r\u0131m yapan \u015firketlerin leasing yapabilmesidir.<\/div><\/div>\n<div class=\"su-column su-column-size-1-3\"><div class=\"su-column-inner su-u-clearfix su-u-trim\"><a title=\"Ipard\" href=\"http:\/\/mtfinans.com\/tr\/?page_id=96\"><img decoding=\"async\" class=\"alignnone size-medium wp-image-63\" src=\"http:\/\/mtfinans.com\/tr\/wp-content\/uploads\/2014\/07\/ipard.jpg\" alt=\"Bright Idea\" width=\"330\" \/><\/a><\/p>\n<p>IPARD, Avrupa Birli\u011fi\u2019nin (AB), 2007-2013 y\u0131llar\u0131 aras\u0131nda uygulayaca\u011f\u0131 Kat\u0131l\u0131m \u00d6ncesi Mali Yard\u0131m Arac\u0131\u2019n\u0131n (IPA) k\u0131rsal kalk\u0131nma bile\u015fenidir. IPARD Program\u0131 kapsam\u0131nda belirlenen..<\/div><\/div>\n<div class=\"su-column su-column-size-1-3\"><div class=\"su-column-inner su-u-clearfix su-u-trim\"><a title=\"K\u0131rsal Kalk\u0131nma\" href=\"http:\/\/mtfinans.com\/tr\/?page_id=92\"><img decoding=\"async\" class=\"alignnone size-medium wp-image-63\" src=\"http:\/\/mtfinans.com\/tr\/wp-content\/uploads\/2014\/07\/kirsal.jpg\" alt=\"Bright Idea\" width=\"330\" \/><\/a><\/p>\n<p>G\u0131da, Tar\u0131m ve Hayvanc\u0131l\u0131k Bakanl\u0131\u011f\u0131\u2019 n\u0131n, tar\u0131m \u00fcreticilerinin kalk\u0131nma yat\u0131r\u0131mlar\u0131 i\u00e7in k\u0131rsal alanlarda \u015firket, kooperatif ve benzeri kurumlar arac\u0131l\u0131\u011f\u0131yla haz\u0131rlayacaklar\u0131 &#8230;<\/div><\/div>\n<\/div>\n<div class=\"su-row\">\n<div class=\"su-column su-column-size-1-3\"><div class=\"su-column-inner su-u-clearfix su-u-trim\"><a title=\"Konut Kredileri\" href=\"http:\/\/mtfinans.com\/tr\/?page_id=107\"><img decoding=\"async\" class=\"alignnone size-medium wp-image-63\" src=\"http:\/\/mtfinans.com\/tr\/wp-content\/uploads\/2014\/07\/konut.jpg\" alt=\"Bright Idea\" width=\"330\" \/><\/a><\/p>\n<p>Mortgage, \u0130potekli Konut Kredisi ya da Tutulu Sat\u0131\u015f Kredisi olarak da bilinir. Mortgage ta\u015f\u0131nmaz mal\u0131n ipotek al\u0131nmas\u0131 \u015fart\u0131yla verilen bir t\u00fcketici kredisidir.<\/div><\/div>\n<div class=\"su-column su-column-size-1-3\"><div class=\"su-column-inner su-u-clearfix su-u-trim\"><a title=\"Yat\u0131r\u0131m Te\u015fvik\" href=\"http:\/\/mtfinans.com\/tr\/?page_id=94\"><img decoding=\"async\" class=\"alignnone size-medium wp-image-63\" src=\"http:\/\/mtfinans.com\/tr\/wp-content\/uploads\/2014\/07\/yatirim.jpg\" alt=\"Bright Idea\" width=\"330\" \/><\/a><\/p>\n<p>\u00dclkede sermaye birikiminin yat\u0131r\u0131ma y\u00f6nlendirmesi, yeni teknoloji kullan\u0131m oran\u0131n\u0131n art\u0131r\u0131lmas\u0131, \u00fcretimde y\u00fcksek katma de\u011fer yaratmak, b\u00f6lgeler aras\u0131 geli\u015fmi\u015flik&#8230;<\/div><\/div>\n<div class=\"su-column su-column-size-1-3\"><div class=\"su-column-inner su-u-clearfix su-u-trim\"><a title=\"Gerekli Belgeler\" href=\"http:\/\/mtfinans.com\/tr\/?page_id=82\"><img decoding=\"async\" class=\"alignnone size-medium wp-image-63\" src=\"http:\/\/mtfinans.com\/tr\/wp-content\/uploads\/2014\/07\/gerekli.jpg\" alt=\"Bright Idea\" width=\"330\" \/><\/a><\/p>\n<p>Kredi, Hibe ve Te\u015fvikler i\u00e7in gereken t\u00fcm evraklar ve yap\u0131lmas\u0131 gerekenlere bu sayfadan ula\u015fabilirsiniz.<\/div><\/div>\n<\/div>\n","protected":false},"excerpt":{"rendered":"","protected":false},"author":1,"featured_media":0,"parent":0,"menu_order":0,"comment_status":"closed","ping_status":"closed","template":"","meta":{"footnotes":""},"class_list":["post-80","page","type-page","status-publish","hentry"],"_links":{"self":[{"href":"https:\/\/mtfinans.com\/tr\/wp-json\/wp\/v2\/pages\/80","targetHints":{"allow":["GET"]}}],"collection":[{"href":"https:\/\/mtfinans.com\/tr\/wp-json\/wp\/v2\/pages"}],"about":[{"href":"https:\/\/mtfinans.com\/tr\/wp-json\/wp\/v2\/types\/page"}],"author":[{"embeddable":true,"href":"https:\/\/mtfinans.com\/tr\/wp-json\/wp\/v2\/users\/1"}],"replies":[{"embeddable":true,"href":"https:\/\/mtfinans.com\/tr\/wp-json\/wp\/v2\/comments?post=80"}],"version-history":[{"count":9,"href":"https:\/\/mtfinans.com\/tr\/wp-json\/wp\/v2\/pages\/80\/revisions"}],"predecessor-version":[{"id":123,"href":"https:\/\/mtfinans.com\/tr\/wp-json\/wp\/v2\/pages\/80\/revisions\/123"}],"wp:attachment":[{"href":"https:\/\/mtfinans.com\/tr\/wp-json\/wp\/v2\/media?parent=80"}],"curies":[{"name":"wp","href":"https:\/\/api.w.org\/{rel}","templated":true}]}}