{"id":94,"date":"2014-07-10T09:43:40","date_gmt":"2014-07-10T09:43:40","guid":{"rendered":"http:\/\/mtfinans.com\/tr\/?page_id=94"},"modified":"2014-07-10T10:11:13","modified_gmt":"2014-07-10T10:11:13","slug":"yatirim-tesvik","status":"publish","type":"page","link":"https:\/\/mtfinans.com\/tr\/yatirim-tesvik\/","title":{"rendered":"Yat\u0131r\u0131m Te\u015fvik"},"content":{"rendered":"<p>\u00dclkede sermaye birikiminin yat\u0131r\u0131ma y\u00f6nlendirmesi, yeni teknoloji kullan\u0131m oran\u0131n\u0131n art\u0131r\u0131lmas\u0131, \u00fcretimde y\u00fcksek katma de\u011fer yaratmak, b\u00f6lgeler aras\u0131 geli\u015fmi\u015flik farklar\u0131n\u0131 gidermek, yeni istihdam alanlar\u0131 yaratmak ve global \u00f6l\u00e7ekte rekabet g\u00fcc\u00fc sa\u011flamak i\u00e7in yat\u0131r\u0131mlar\u0131n ve yat\u0131r\u0131mc\u0131lar\u0131n devlet taraf\u0131ndan te\u015fvik edilmesi amac\u0131yla verilen bir belgedir. Yat\u0131r\u0131m Te\u015fvik Belgesinde yat\u0131r\u0131mc\u0131n\u0131n, yat\u0131r\u0131mla yapt\u0131\u011f\u0131 nakit \u00e7\u0131k\u0131\u015f\u0131n\u0131 \u00f6nleyen ya da bu nakit \u00e7\u0131k\u0131\u015f\u0131n\u0131n daha fazla sosyal fayda sa\u011flamas\u0131na ve e\u015fit rekabet ko\u015fullar\u0131n\u0131n sa\u011flanmas\u0131na imkan tan\u0131yan destekler s\u00f6z konusudur.<\/p>\n<p>Yat\u0131r\u0131m Te\u015fvik Belgesi, Bakanlar Kurulu Karar\u0131 ile YATIRIMLARDA DEVLET YARDIMLARININ UYGULANMASINA \u0130L\u0130\u015eK\u0130N TEBL\u0130\u011e \u00e7er\u00e7evesinde Ekonomi Bakanl\u0131\u011f\u0131 Te\u015fvik Uygulama ve Yabanc\u0131 Sermaye Genel M\u00fcd\u00fcrl\u00fc\u011f\u00fcnce verilmektedir.<\/p>\n<p>Yat\u0131r\u0131m Te\u015fvik Belgesine a\u015fa\u011f\u0131daki kurumlar ba\u015fvurabilir;<\/p>\n<p>Ger\u00e7ek Ki\u015filer<br \/>\nAdi Ortakl\u0131klar<br \/>\nSermaye \u015eirketleri<br \/>\nKooperatifler<br \/>\n\u0130\u015f Ortakl\u0131klar\u0131<br \/>\nVak\u0131flar<br \/>\nDernekler<br \/>\nKamu Kurum ve Kurulu\u015flar\u0131<br \/>\nKamu Kurulu\u015fu Niteli\u011findeki Meslek Kurulu\u015flar\u0131<br \/>\nYurtd\u0131\u015f\u0131ndaki Yabanc\u0131 \u015eirketlerin T\u00fcrkiye\u2019deki \u015eubeleri<br \/>\nTE\u015eV\u0130K BELGES\u0130 KAPSAMINDA YAPILACAK YATIRIM C\u0130NSLER\u0130<\/p>\n<p>Komple Yeni Yat\u0131r\u0131mlar<br \/>\nTevsi Yat\u0131r\u0131mlar\u0131<br \/>\nModernizasyon Yat\u0131r\u0131mlar\u0131<br \/>\n\u00dcr\u00fcn \u00c7e\u015fitlendirme Yat\u0131r\u0131mlar\u0131<br \/>\nEntegrasyon Yat\u0131r\u0131mlar\u0131<br \/>\nTE\u015eV\u0130K BELGEL\u0130 YATIRIMLARA SA\u011eLANACAK DESTEKLER<\/p>\n<p>KDV (Katma De\u011fer Vergisi) \u0130stisnas\u0131<br \/>\nG\u00fcmr\u00fck Vergisi Muafiyeti<br \/>\nVergi \u0130ndirimi<br \/>\nYat\u0131r\u0131m Yeri Tahsisi<br \/>\nSigorta Primi \u0130\u015fveren Hissesi Deste\u011fi<br \/>\nFaiz Deste\u011fi<br \/>\nYat\u0131r\u0131m Te\u015fvik Belgeniz \u00fczerinde zorunlu ya da \u0130htiyac\u0131n\u0131za g\u00f6re a\u015fa\u011f\u0131da a\u00e7\u0131klanan de\u011fi\u015fiklikleri yapabilirsiniz;<\/p>\n<p>Yerli\/\u0130thal Global Listeye Makine \u0130laveleri veya revizyonlar\u0131:<br \/>\nYat\u0131r\u0131m Te\u015fvik Belgesi kapsam\u0131 yat\u0131r\u0131m konusuna ve y\u00fcr\u00fcrl\u00fckteki mevzuata uygun olarak global listenizde olmayan bir makine ekipman\u0131 listelerinize ekletebilirsiniz. Global listede yer al\u0131p fiyat\u0131 + ya da \u2013 olarak % 50 \u2018lik fiyat marj\u0131n\u0131 a\u015fan makine ekipmanlar\u0131n\u0131z\u0131n fiyat revizyonlar\u0131n\u0131, makine ekipman ad\u0131 ve adedi ile ilgili harcama kalemi revizyonlar\u0131n\u0131z\u0131 yapabilirsiniz.<\/p>\n<p>Tamamlama Vizesi:<br \/>\nYat\u0131r\u0131m Te\u015fvik Belgesi kapsam\u0131nda yat\u0131r\u0131m\u0131n\u0131z\u0131 s\u00fcresi i\u00e7erisinde tamamlad\u0131ktan sonra belgenizin kapat\u0131lmas\u0131 i\u00e7in Tamamlama Vizesinin ve ekspertizin yap\u0131lmas\u0131 zorunludur.<\/p>\n<p>S\u00fcre uzat\u0131m\u0131:<br \/>\nYat\u0131r\u0131m Te\u015fvik Belgenizin s\u00fcresinin yar\u0131s\u0131 kadar ek s\u00fcre al\u0131nabilir.<\/p>\n<p>% 10 \u015ferhinin i\u015flenmesi:<br \/>\nYat\u0131r\u0131m Te\u015fvik Belgeniz kapsam\u0131nda b\u00f6lgesel desteklerden yararlan\u0131yorsan\u0131z yat\u0131r\u0131m\u0131n\u0131z\u0131n en az % 10\u2019 unu belirlenmi\u015f s\u00fcre i\u00e7erisinde yapm\u0131\u015f oldu\u011funuzu fatura, akreditif, harcama dekontu vb. belgelerle kan\u0131tlayarak Belgenize \u015ferh d\u00fc\u015f\u00fcrmeniz gerekmektedir.<\/p>\n<p>MT FINANS TARAFINDAN HAZIRLANACAK D\u00d6K\u00dcMANLAR<\/p>\n<p>Dilek\u00e7e (Biz haz\u0131rlayaca\u011f\u0131z, ka\u015fe ve imza i\u00e7in size g\u00f6nderece\u011fiz.)<br \/>\nYat\u0131r\u0131m Bilgi Formu (Biz haz\u0131rlayaca\u011f\u0131z, ka\u015fe ve imza i\u00e7in size g\u00f6nderece\u011fiz.)<br \/>\n\u0130thal ve Yerli Makine-Te\u00e7hizat Listesi (Biz haz\u0131rlayaca\u011f\u0131z, ka\u015fe ve imza i\u00e7in size g\u00f6nderece\u011fiz.)<br \/>\nBeyan ve Taahh\u00fct (Biz haz\u0131rlayaca\u011f\u0131z, ka\u015fe ve imza i\u00e7in size g\u00f6nderece\u011fiz.)<br \/>\nVekaletname (\u00f6rne\u011fi ayr\u0131ca g\u00f6nderilecektir)<br \/>\nF\u0130RMANIZ TARAFINDAN G\u00d6NDER\u0130LECEK D\u00d6K\u00dcMANLAR<\/p>\n<p>Ticaret Sicil Gazetesi Asl\u0131 veya noter onayl\u0131 sureti (kurulu\u015f, son sermaye durumunu g\u00f6steren, varsa \u00fcnvan ve adres de\u011fi\u015fikli\u011fi belirtir gazete)<br \/>\nVergi levhas\u0131 Fotokopisi<br \/>\nKapasite Raporu Fotokopisi (mevcut i\u015fletme varsa)<br \/>\n\u0130mza Sirk\u00fcleri suret asl\u0131<br \/>\n\u0130\u015fletme Ruhsat\u0131 noter onayl\u0131 sureti (Madencilik ve Hastane yat\u0131r\u0131mlar\u0131 i\u00e7in)<br \/>\n\u0130\u015fletme izin Yaz\u0131s\u0131 noter onayl\u0131 sureti (Maden Dairesinden)<br \/>\nTurizm yat\u0131r\u0131m\u0131 ise; Turizm Yat\u0131r\u0131m Belgesi noter onayl\u0131 sureti<br \/>\n5510 Say\u0131l\u0131 kanun kapsam\u0131nda SGK\u2019 dan borcu olmad\u0131\u011f\u0131na dair yaz\u0131 (barkodlu internet \u00e7\u0131kt\u0131s\u0131na firma taraf\u0131ndan ka\u015felenip ve imzalanmas\u0131 yeterli.)<br \/>\n\u00c7ED Gerekli De\u011fildir veya \u00c7ED Uygundur Belgesi ve Yaz\u0131s\u0131 (noter onayl\u0131) (\u00c7evre ve Orman \u0130l M\u00fcd\u00fcrl\u00fc\u011f\u00fc\u2019nden al\u0131nacakt\u0131r)<br \/>\nOrganize Sanayi B\u00f6lgesi ve k\u00fc\u00e7\u00fck sanayi sitelerinde veya di\u011fer alanlarda bina kiral\u0131k ise en az 6 y\u0131ll\u0131k kira kontrat\u0131, arsa kiral\u0131k ise 11 y\u0131ll\u0131k kira kontrat\u0131 veya arsa tahsis yaz\u0131s\u0131<br \/>\nMerkez Bankas\u0131 Makbuzu (400.-TL yat\u0131r\u0131lacak, Havale yap\u0131l\u0131rsa Ankara\u2019dan yat\u0131r\u0131p, bir suret makbuz asl\u0131n\u0131 firman\u0131za g\u00f6ndeririz.)<br \/>\nProforma Faturalar (Faturalar\u0131n T\u00fcrk\u00e7e Terc\u00fcmelerini veya makinelerin T\u00fcrk\u00e7e tam kar\u015f\u0131l\u0131klar\u0131n\u0131 yanlar\u0131na yaz\u0131n\u0131z.)<br \/>\nProforma faturalar\u0131n\u0131z yoksa almay\u0131 d\u00fc\u015f\u00fcnd\u00fc\u011f\u00fcn\u00fcz yerli ve ithal makine ekipmanlar\u0131 ayr\u0131 listeler halinde cinsi, miktar\u0131, birim fiyat\u0131 ve toplam tutar\u0131 olacak \u015fekilde liste yaparak bu form ekinde fakslay\u0131n\u0131z ya da email ile g\u00f6nderiniz.<br \/>\nDaha \u00f6nce al\u0131nan ve a\u00e7\u0131k olan Te\u015fvik Belgeniz varsa fotokopisi<\/p>\n","protected":false},"excerpt":{"rendered":"<p>\u00dclkede sermaye birikiminin yat\u0131r\u0131ma y\u00f6nlendirmesi, yeni teknoloji kullan\u0131m oran\u0131n\u0131n art\u0131r\u0131lmas\u0131, \u00fcretimde y\u00fcksek katma de\u011fer yaratmak, b\u00f6lgeler aras\u0131 geli\u015fmi\u015flik farklar\u0131n\u0131 gidermek, yeni istihdam alanlar\u0131 yaratmak ve global \u00f6l\u00e7ekte rekabet g\u00fcc\u00fc sa\u011flamak i\u00e7in yat\u0131r\u0131mlar\u0131n ve yat\u0131r\u0131mc\u0131lar\u0131n devlet taraf\u0131ndan te\u015fvik edilmesi amac\u0131yla verilen<\/p>\n","protected":false},"author":1,"featured_media":0,"parent":0,"menu_order":0,"comment_status":"closed","ping_status":"closed","template":"","meta":{"footnotes":""},"class_list":["post-94","page","type-page","status-publish","hentry"],"_links":{"self":[{"href":"https:\/\/mtfinans.com\/tr\/wp-json\/wp\/v2\/pages\/94","targetHints":{"allow":["GET"]}}],"collection":[{"href":"https:\/\/mtfinans.com\/tr\/wp-json\/wp\/v2\/pages"}],"about":[{"href":"https:\/\/mtfinans.com\/tr\/wp-json\/wp\/v2\/types\/page"}],"author":[{"embeddable":true,"href":"https:\/\/mtfinans.com\/tr\/wp-json\/wp\/v2\/users\/1"}],"replies":[{"embeddable":true,"href":"https:\/\/mtfinans.com\/tr\/wp-json\/wp\/v2\/comments?post=94"}],"version-history":[{"count":2,"href":"https:\/\/mtfinans.com\/tr\/wp-json\/wp\/v2\/pages\/94\/revisions"}],"predecessor-version":[{"id":102,"href":"https:\/\/mtfinans.com\/tr\/wp-json\/wp\/v2\/pages\/94\/revisions\/102"}],"wp:attachment":[{"href":"https:\/\/mtfinans.com\/tr\/wp-json\/wp\/v2\/media?parent=94"}],"curies":[{"name":"wp","href":"https:\/\/api.w.org\/{rel}","templated":true}]}}