{"id":96,"date":"2014-07-10T09:44:30","date_gmt":"2014-07-10T09:44:30","guid":{"rendered":"http:\/\/mtfinans.com\/tr\/?page_id=96"},"modified":"2014-07-10T10:10:54","modified_gmt":"2014-07-10T10:10:54","slug":"ipard","status":"publish","type":"page","link":"https:\/\/mtfinans.com\/tr\/ipard\/","title":{"rendered":"Ipard"},"content":{"rendered":"<p><strong>IPARD (KATILIM \u00d6NCES\u0130 MAL\u0130 YARDIM ARACI)<\/strong><\/p>\n<p>IPARD, Avrupa Birli\u011fi\u2019nin (AB), 2007-2013 y\u0131llar\u0131 aras\u0131nda uygulayaca\u011f\u0131 Kat\u0131l\u0131m \u00d6ncesi Mali Yard\u0131m Arac\u0131\u2019n\u0131n (IPA) k\u0131rsal kalk\u0131nma bile\u015fenidir. IPARD  Program\u0131 kapsam\u0131nda belirlenen illerdeki s\u00fct, k\u0131rm\u0131z\u0131 et, tavut eti, su \u00fcr\u00fcnleri ve meyve sebze sekt\u00f6r\u00fcndeki i\u015fletmelere ve \u00fcreticilere, k\u0131rsalda turizm ve \u00e7iftlik faaliyetleri, yerel \u00fcr\u00fcnler ve mikro i\u015fletmeler ile k\u00fclt\u00fcr bal\u0131k\u00e7\u0131l\u0131\u011f\u0131n\u0131n desteklenmesi kapsam\u0131nda yat\u0131r\u0131mc\u0131lara % 50-60 oran\u0131nda hibe deste\u011fi sa\u011flanacakt\u0131r. IPARD program\u0131ndan T\u00fcrkiye\u2019de G\u0131da, Tar\u0131m ve Hayvanc\u0131l\u0131k Bakanl\u0131\u011f\u0131 sorumludur. Program\u0131n y\u00fcr\u00fct\u00fclmesi amac\u0131yla T\u00fcrkiye\u2019de Tar\u0131m ve K\u0131rsal Kalk\u0131nmay\u0131 Destekleme Kurumu (TKDK) kurulmu\u015ftur. ,Avrupa Birli\u011fi\u2019ne kat\u0131l\u0131m \u00f6ncesinde ortak tar\u0131m politikas\u0131 ve k\u0131rsal kalk\u0131nma politikas\u0131yla uyumlu olmak ad\u0131na a\u00e7\u0131lan bu program\u0131n hedefleri tar\u0131m sekt\u00f6r\u00fcn\u00fcn modernizasyonunda katk\u0131da bulunmak, birincil \u00fcr\u00fcnlerin \u00fcretiminde s\u00fcrd\u00fcr\u00fclebilirli\u011fi sa\u011flamak, g\u00f6\u00e7\u00fc engellemek, g\u0131da i\u015fletmelerinde yeni teknolojiler, yenilikler sunmak, yeni pazar f\u0131rsatlar\u0131 yaratmak, g\u0131da g\u00fcvenli\u011fi, veterinerlik, bitki sa\u011fl\u0131\u011f\u0131 ve \u00e7evre ile ilgili AB standartlar\u0131 veya di\u011fer standartlar\u0131n iyile\u015ftirilmesini te\u015fvik etmek, k\u0131rsal turizm, yerel \u00fcr\u00fcnler vb. alanlarda i\u015f f\u0131rsatlar\u0131n\u0131n geli\u015ftirilmesine katk\u0131da bulunmakt\u0131r.<\/p>\n<p>Kimler Ba\u015fvurabilir: IPARD \u00f6ncelikli ilde faaliyette bulunan tar\u0131msal i\u015fletme (\u00d6zel ve t\u00fczel ki\u015fi), 250\u2019den az \u00e7al\u0131\u015fan\u0131 ve y\u0131ll\u0131k cirosu 25 Milyon TL\u2019nin alt\u0131nda olmas\u0131, Ulusal \u00c7ift\u00e7i Kay\u0131t Sistemine (\u00c7KS) Kay\u0131tl\u0131, Hayvan Kay\u0131t Sistemine Kay\u0131tl\u0131, Ulusal Vergi Sistemi\u2019ne Kay\u0131tl\u0131 (Vergi Levhas\u0131), 65 ya\u015f\u0131ndan k\u00fc\u00e7\u00fck olmas\u0131, Mesleki yeterlilik: \u00dcniversite diplomas\u0131 veya 3 y\u0131l mesleki hizmet kayd\u0131, Vergi ve SGK borcu bulunmamas\u0131, G\u0131da Kay\u0131t\/Onay \u0130zni, \u00c7ED Raporu veya \u00c7ED Gerekli De\u011fildir Karar\u0131 olmas\u0131 vb. zorunludur.<br \/>\nProgram Hangi \u0130llerde Uygulanmaktad\u0131r: Program illeri yat\u0131r\u0131m konusuna ve teklif \u00e7a\u011fr\u0131 program\u0131na g\u00f6re de\u011fi\u015febilmektedir.<\/p>\n<p><strong>Hangi Giderler Desteklenmektedir? <\/strong><br \/>\nHibe konusuyla ilgili her t\u00fcrl\u00fc makine ekipman ve alt yap\u0131 yat\u0131r\u0131mlar\u0131 \/ Yap\u0131 iyile\u015ftirme, geli\u015ftirme ve modernizasyon \/ Ta\u015f\u0131nmaz mallar\u0131n yap\u0131m\u0131 ve iyile\u015ftirilmesi (devralma hari\u00e7) \/ Bilgisayar yaz\u0131l\u0131m\u0131 da dahil olmak \u00fczere yeni makinelerin al\u0131m\u0131 ya da leasing yolu ile al\u0131nmas\u0131 \/ Mimarl\u0131k, m\u00fchendislik ve di\u011fer dan\u0131\u015fmanl\u0131k b\u00fct\u00e7eleri ile fizibilite \u00e7al\u0131\u015fmalar\u0131 \/ \u0130\u015f plan\u0131 haz\u0131rl\u0131\u011f\u0131 \/ Lisans ve patent haklar\u0131n\u0131n devral\u0131nmas\u0131na y\u00f6nelik masraflar<\/p>\n<p><strong>Hibe Program\u0131n\u0131n \u00d6ncelikleri Nelerdir?<\/strong><\/p>\n<p><strong>Hibe Program\u0131 kapsam\u0131nda belirlenen \u00f6ncelikler a\u015fa\u011f\u0131dad\u0131r:<\/strong><br \/>\n1. Tar\u0131msal i\u015fletmelere yat\u0131r\u0131m<br \/>\n2. Tar\u0131msal \u00fcr\u00fcnlerin i\u015flenmesi ve pazarlanmas\u0131n\u0131n geli\u015ftirilmesi<br \/>\n3. \u00dcretici \u00d6rg\u00fctlerinin desteklenmesi<br \/>\n4. K\u0131rsal alanda ekonomik faaliyetlerin \u00e7e\u015fitlendirilmesi ve geli\u015ftirilmesi olarak \u00f6ng\u00f6r\u00fclm\u00fc\u015ft\u00fcr<br \/>\nIPARD uygulama alan\u0131 \u00f6ncelikli il olarak se\u00e7ilen 42 il ile s\u0131n\u0131rland\u0131r\u0131lm\u0131\u015ft\u0131r. Bu \u00e7er\u00e7evede, \u00f6ncelikle a\u015fa\u011f\u0131da haritada mavi ile g\u00f6r\u00fclen 20 ilde pilot uygulamalar yap\u0131lacakt\u0131r. Pilot uygulamalar\u0131n ard\u0131ndan ye\u015fil ile g\u00f6z\u00fcken 22 il uygulamaya dahil edilerek program\u0131n uyguland\u0131\u011f\u0131 il say\u0131s\u0131 42\u2019ye \u00e7\u0131kacakt\u0131r.<\/p>\n<p>AB IPARD (TKDK) Tar\u0131m ve K\u0131rsal Kalk\u0131nmay\u0131 Destekleme Kurumu, her \u00e7a\u011fr\u0131 y\u0131l\u0131 periyodik olarak birka\u00e7 kez hibe destek \u00e7a\u011fr\u0131s\u0131na \u00e7\u0131kmaktad\u0131r.<\/p>\n","protected":false},"excerpt":{"rendered":"<p>IPARD (KATILIM \u00d6NCES\u0130 MAL\u0130 YARDIM ARACI) IPARD, Avrupa Birli\u011fi\u2019nin (AB), 2007-2013 y\u0131llar\u0131 aras\u0131nda uygulayaca\u011f\u0131 Kat\u0131l\u0131m \u00d6ncesi Mali Yard\u0131m Arac\u0131\u2019n\u0131n (IPA) k\u0131rsal kalk\u0131nma bile\u015fenidir. IPARD Program\u0131 kapsam\u0131nda belirlenen illerdeki s\u00fct, k\u0131rm\u0131z\u0131 et, tavut eti, su \u00fcr\u00fcnleri ve meyve sebze sekt\u00f6r\u00fcndeki i\u015fletmelere<\/p>\n","protected":false},"author":1,"featured_media":0,"parent":0,"menu_order":0,"comment_status":"closed","ping_status":"closed","template":"","meta":{"footnotes":""},"class_list":["post-96","page","type-page","status-publish","hentry"],"_links":{"self":[{"href":"https:\/\/mtfinans.com\/tr\/wp-json\/wp\/v2\/pages\/96","targetHints":{"allow":["GET"]}}],"collection":[{"href":"https:\/\/mtfinans.com\/tr\/wp-json\/wp\/v2\/pages"}],"about":[{"href":"https:\/\/mtfinans.com\/tr\/wp-json\/wp\/v2\/types\/page"}],"author":[{"embeddable":true,"href":"https:\/\/mtfinans.com\/tr\/wp-json\/wp\/v2\/users\/1"}],"replies":[{"embeddable":true,"href":"https:\/\/mtfinans.com\/tr\/wp-json\/wp\/v2\/comments?post=96"}],"version-history":[{"count":2,"href":"https:\/\/mtfinans.com\/tr\/wp-json\/wp\/v2\/pages\/96\/revisions"}],"predecessor-version":[{"id":101,"href":"https:\/\/mtfinans.com\/tr\/wp-json\/wp\/v2\/pages\/96\/revisions\/101"}],"wp:attachment":[{"href":"https:\/\/mtfinans.com\/tr\/wp-json\/wp\/v2\/media?parent=96"}],"curies":[{"name":"wp","href":"https:\/\/api.w.org\/{rel}","templated":true}]}}